{"id":79,"date":"2015-05-08T18:53:37","date_gmt":"2015-05-08T18:53:37","guid":{"rendered":"http:\/\/naprawiacz.com.pl\/?page_id=79"},"modified":"2015-05-18T18:08:58","modified_gmt":"2015-05-18T18:08:58","slug":"slusarskie-2","status":"publish","type":"page","link":"https:\/\/naprawiacz.com.pl\/?page_id=79","title":{"rendered":"\u015alusarskie"},"content":{"rendered":"<p>Us\u0142ugi \u015alusarskie Warszawa. Kolejna porada z Naprawiacza dotyczy wymiana zamka w drzwiach zewn\u0119trznych antyw\u0142amaniowych i zwyk\u0142ych oraz drzwi wewn\u0119trznych. Drzwi typu Gerda, La Porta, Dre, oraz producenci drzwi tzw. chi\u0144skich.<\/p>\n<p>Przy wymianie zamk\u00f3w w drzwiach nale\u017cy par\u0119 zda\u0144 powiedzie\u0107 o samych zamkach. Rozr\u00f3\u017cniamy zamki ze wzgl\u0119du na ich umiejscowienie w drzwiach:<\/p>\n<ul>\n<li>Podklamkowy potocznie nazywany wk\u0142adk\u0105. (Typu Gerda, Yale, Lob i inne)<\/li>\n<li>Nawierzchniowy &#8211; dodatkowy (typu Gerda, Lob, Yale i inne)<\/li>\n<li>Zamek centralny drzwi antyw\u0142amaniowych.<\/li>\n<\/ul>\n<p>1. Zamek drzwi podklamkowy, potocznie zwany wk\u0142adk\u0105. Jak sama nazwa wskazuje znajduje si\u0119 pod klamk\u0105 i z regu\u0142y jest to wk\u0142adka:<\/p>\n<ul>\n<li>Wk\u0142adka zwyk\u0142a: stosowana w drzwiach zwyczajnych, prostych &#8211; nie antyw\u0142amaniowych. Czasami mo\u017cna j\u0105 spotka\u0107 w drzwiach antyw\u0142amaniowych jako zamek dodatkowy. \u00a0Charakteryzuje si\u0119 prostot\u0105 wykonania i \u0142atwo\u015bci\u0105 otwarcia- rozwiercenia mechanicznego.<\/li>\n<li>Wk\u0142adka antyw\u0142amaniowa zwyk\u0142a: stosowana w drzwiach zwyk\u0142ych i antyw\u0142amaniowych, charakteryzuje si\u0119 odpowiednimi standardami i klas\u0105 atestu.<\/li>\n<li>Wk\u0142adka antyw\u0142amaniowa z\u0119bata. Stosowana g\u0142\u00f3wnie w drzwiach antyw\u0142amaniowych typu Gerda, Witex, La Porta, Diere i wiele innych.<\/li>\n<\/ul>\n<div id=\"attachment_427\" style=\"width: 210px\" class=\"wp-caption aligncenter\"><a href=\"http:\/\/naprawiacz.com.pl\/wp-content\/uploads\/2015\/05\/112.jpg\"><img loading=\"lazy\" decoding=\"async\" aria-describedby=\"caption-attachment-427\" class=\"\u015alusarz Warszawa Ursyn\u00f3w Mokot\u00f3w wp-image-427 size-medium\" title=\"Wk\u0142adka zamka wymiana\" src=\"http:\/\/naprawiacz.com.pl\/wp-content\/uploads\/2015\/05\/112-200x300.jpg\" alt=\"Us\u0142ugi \u015blusarskie\" width=\"200\" height=\"300\" srcset=\"https:\/\/naprawiacz.com.pl\/wp-content\/uploads\/2015\/05\/112-200x300.jpg 200w, https:\/\/naprawiacz.com.pl\/wp-content\/uploads\/2015\/05\/112.jpg 682w\" sizes=\"auto, (max-width: 200px) 100vw, 200px\" \/><\/a><p id=\"caption-attachment-427\" class=\"wp-caption-text\">Wymiana wk\u0142adki zamka w drzwiach<\/p><\/div>\n<p style=\"text-align: center;\">Rys. 1\u00a0 Zamek podklamkowy \u2013 wk\u0142adka. Wymiana wk\u0142adki w drzwiach.<\/p>\n<p style=\"text-align: left;\">Do wymiany wk\u0142adki w drzwiach konieczne jest odkr\u0119cenie szyldu i czasami klamki. Po tych czynno\u015bciach mo\u017cemy wymieni\u0107 dopiero wk\u0142adk\u0119.<\/p>\n<div id=\"attachment_428\" style=\"width: 210px\" class=\"wp-caption aligncenter\"><a href=\"http:\/\/naprawiacz.com.pl\/wp-content\/uploads\/2015\/05\/35.jpg\"><img loading=\"lazy\" decoding=\"async\" aria-describedby=\"caption-attachment-428\" class=\"size-full wp-image-428\" src=\"http:\/\/naprawiacz.com.pl\/wp-content\/uploads\/2015\/05\/35.jpg\" alt=\"Wymiana zamka Warszawa\" width=\"200\" height=\"155\" \/><\/a><p id=\"caption-attachment-428\" class=\"wp-caption-text\">\u015alusarz Warszawa<\/p><\/div>\n<p style=\"text-align: center;\">Rys.2. Wk\u0142adka zamka z atestem. Wk\u0142adka atestowana. Wymiana zamka.<\/p>\n<p>&nbsp;<\/p>\n<p>Problemem mo\u017ce okaza\u0107 si\u0119 jak dobra\u0107 wk\u0142adk\u0119 do naszych drzwi. Ot\u00f3\u017c w bardzo prosty spos\u00f3b mo\u017cemy zmierzy\u0107 nasz zamek-wk\u0142adk\u0119 gdy chcemy go wymieni\u0107.<\/p>\n<div id=\"attachment_429\" style=\"width: 310px\" class=\"wp-caption aligncenter\"><a href=\"http:\/\/naprawiacz.com.pl\/wp-content\/uploads\/2015\/05\/53.jpg\"><img loading=\"lazy\" decoding=\"async\" aria-describedby=\"caption-attachment-429\" class=\"size-medium wp-image-429\" src=\"http:\/\/naprawiacz.com.pl\/wp-content\/uploads\/2015\/05\/53-300x115.jpg\" alt=\"wymiana wk\u0142adki\" width=\"300\" height=\"115\" srcset=\"https:\/\/naprawiacz.com.pl\/wp-content\/uploads\/2015\/05\/53-300x115.jpg 300w, https:\/\/naprawiacz.com.pl\/wp-content\/uploads\/2015\/05\/53.jpg 600w\" sizes=\"auto, (max-width: 300px) 100vw, 300px\" \/><\/a><p id=\"caption-attachment-429\" class=\"wp-caption-text\">naprawy \u015blusarskie<\/p><\/div>\n<p style=\"text-align: center;\">Rys. 3. Jak si\u0119 mierzy wk\u0142adki przy wymianie zamka. Naprawa zamka w drzwiach \u015alusarz Warszawa.<\/p>\n<p>&nbsp;<\/p>\n<div id=\"attachment_430\" style=\"width: 210px\" class=\"wp-caption aligncenter\"><a href=\"http:\/\/naprawiacz.com.pl\/wp-content\/uploads\/2015\/05\/44.jpg\"><img loading=\"lazy\" decoding=\"async\" aria-describedby=\"caption-attachment-430\" class=\"size-full wp-image-430\" src=\"http:\/\/naprawiacz.com.pl\/wp-content\/uploads\/2015\/05\/44.jpg\" alt=\"us\u0142ugi \u015blusarskie\" width=\"200\" height=\"126\" \/><\/a><p id=\"caption-attachment-430\" class=\"wp-caption-text\">Naprawa drzwi<\/p><\/div>\n<p style=\"text-align: center;\">rys. 4. Pogl\u0105dowo wk\u0142adka zamka z ga\u0142k\u0105. Wymiana zamka w drzwiach Gerda Warszawa.<\/p>\n<p>&nbsp;<\/p>\n<p>Na pierwszy rzut oka nie wiemy jaka wk\u0142adka jest w naszych drzwiach, ale je\u015bli s\u0105 to drzwi antyw\u0142amaniowe z ryglami to na pewno mamy do czynienia z wk\u0142adk\u0105 z\u0119bat\u0105.<\/p>\n<div id=\"attachment_424\" style=\"width: 210px\" class=\"wp-caption aligncenter\"><a href=\"http:\/\/naprawiacz.com.pl\/wp-content\/uploads\/2015\/05\/DSC01835.jpg\"><img loading=\"lazy\" decoding=\"async\" aria-describedby=\"caption-attachment-424\" class=\"size-medium wp-image-424\" src=\"http:\/\/naprawiacz.com.pl\/wp-content\/uploads\/2015\/05\/DSC01835-200x300.jpg\" alt=\"\u015blusarz warszawa\" width=\"200\" height=\"300\" srcset=\"https:\/\/naprawiacz.com.pl\/wp-content\/uploads\/2015\/05\/DSC01835-200x300.jpg 200w, https:\/\/naprawiacz.com.pl\/wp-content\/uploads\/2015\/05\/DSC01835.jpg 682w\" sizes=\"auto, (max-width: 200px) 100vw, 200px\" \/><\/a><p id=\"caption-attachment-424\" class=\"wp-caption-text\">wymiana zamka<\/p><\/div>\n<p style=\"text-align: center;\">\u00a0rys. 5. Pogl\u0105dowo drzwi antyw\u0142amaniowe z ryglami w kt\u00f3rych zainstalowana jest wk\u0142adka z\u0119bata.<\/p>\n<h5 style=\"text-align: center;\"><\/h5>\n<p>2. Zamek nawierzchniowy stosowany jako dodatkowy zamek. Jak sama nazwa wskazuje jest z regu\u0142y stosowany dodatkowo na zewn\u0105trz drzwi.<\/p>\n<div id=\"attachment_433\" style=\"width: 210px\" class=\"wp-caption aligncenter\"><a href=\"http:\/\/naprawiacz.com.pl\/wp-content\/uploads\/2015\/05\/24.jpg\"><img loading=\"lazy\" decoding=\"async\" aria-describedby=\"caption-attachment-433\" class=\"size-medium wp-image-433\" src=\"http:\/\/naprawiacz.com.pl\/wp-content\/uploads\/2015\/05\/24-200x300.jpg\" alt=\"Monta\u017c zamka w drzwiach\" width=\"200\" height=\"300\" srcset=\"https:\/\/naprawiacz.com.pl\/wp-content\/uploads\/2015\/05\/24-200x300.jpg 200w, https:\/\/naprawiacz.com.pl\/wp-content\/uploads\/2015\/05\/24.jpg 682w\" sizes=\"auto, (max-width: 200px) 100vw, 200px\" \/><\/a><p id=\"caption-attachment-433\" class=\"wp-caption-text\">Wymiana zamka Gerda<\/p><\/div>\n<p style=\"text-align: center;\">Rys. 6. Pogl\u0105dowo zamek nawierzchniowy Gerda. Wymiana zamka typu Gerda w drzwiach antyw\u0142amaniowych Warszawa.<\/p>\n<div id=\"attachment_434\" style=\"width: 310px\" class=\"wp-caption aligncenter\"><a href=\"http:\/\/naprawiacz.com.pl\/wp-content\/uploads\/2015\/05\/73.jpg\"><img loading=\"lazy\" decoding=\"async\" aria-describedby=\"caption-attachment-434\" class=\"size-medium wp-image-434\" src=\"http:\/\/naprawiacz.com.pl\/wp-content\/uploads\/2015\/05\/73-300x200.jpg\" alt=\"\u015blusarz Warszawa Ursyn\u00f3w Wilan\u00f3w\" width=\"300\" height=\"200\" srcset=\"https:\/\/naprawiacz.com.pl\/wp-content\/uploads\/2015\/05\/73-300x200.jpg 300w, https:\/\/naprawiacz.com.pl\/wp-content\/uploads\/2015\/05\/73.jpg 1024w\" sizes=\"auto, (max-width: 300px) 100vw, 300px\" \/><\/a><p id=\"caption-attachment-434\" class=\"wp-caption-text\">monta\u017c zamka<\/p><\/div>\n<p style=\"text-align: center;\">Rys. 7. \u00a0Monta\u017c zamka antyw\u0142amaniowego Gerda w drzwiach drewnianych antyw\u0142amaniowych i zwyk\u0142ych. Monta\u017c zaczynamy od wyci\u0119cia otworu w drzwiach.<\/p>\n<div id=\"attachment_435\" style=\"width: 310px\" class=\"wp-caption aligncenter\"><a href=\"http:\/\/naprawiacz.com.pl\/wp-content\/uploads\/2015\/05\/83.jpg\"><img loading=\"lazy\" decoding=\"async\" aria-describedby=\"caption-attachment-435\" class=\"size-medium wp-image-435\" src=\"http:\/\/naprawiacz.com.pl\/wp-content\/uploads\/2015\/05\/83-300x200.jpg\" alt=\"\u015blusarz Warszawa Wilan\u00f3w, Ursyn\u00f3w\" width=\"300\" height=\"200\" srcset=\"https:\/\/naprawiacz.com.pl\/wp-content\/uploads\/2015\/05\/83-300x200.jpg 300w, https:\/\/naprawiacz.com.pl\/wp-content\/uploads\/2015\/05\/83.jpg 1024w\" sizes=\"auto, (max-width: 300px) 100vw, 300px\" \/><\/a><p id=\"caption-attachment-435\" class=\"wp-caption-text\">Monta\u017c zamka w drzwiach<\/p><\/div>\n<p style=\"text-align: center;\">Rys. 8. Monta\u017c os\u0142ony zamka nawierzchniowego typu Gerda. Wymiana zamka nawierzchniowego w drzwiach zewn\u0119trznych w Warszawie.<\/p>\n<p>&nbsp;<\/p>\n<div id=\"attachment_436\" style=\"width: 210px\" class=\"wp-caption aligncenter\"><a href=\"http:\/\/naprawiacz.com.pl\/wp-content\/uploads\/2015\/05\/92.jpg\"><img loading=\"lazy\" decoding=\"async\" aria-describedby=\"caption-attachment-436\" class=\"size-medium wp-image-436\" src=\"http:\/\/naprawiacz.com.pl\/wp-content\/uploads\/2015\/05\/92-200x300.jpg\" alt=\"wymiana zamka\" width=\"200\" height=\"300\" srcset=\"https:\/\/naprawiacz.com.pl\/wp-content\/uploads\/2015\/05\/92-200x300.jpg 200w, https:\/\/naprawiacz.com.pl\/wp-content\/uploads\/2015\/05\/92.jpg 682w\" sizes=\"auto, (max-width: 200px) 100vw, 200px\" \/><\/a><p id=\"caption-attachment-436\" class=\"wp-caption-text\">Zamek dodatkowy<\/p><\/div>\n<p>&nbsp;<\/p>\n<p style=\"text-align: center;\">Rys. 9. \u00a0Pogl\u0105dowo monta\u017c zamka nawierzchniowego typu Gerda w drzwiach antyw\u0142amaniowych. Us\u0142ugi \u015blusarskie Warszawa.<\/p>\n<p>&nbsp;<\/p>\n<div id=\"attachment_438\" style=\"width: 210px\" class=\"wp-caption aligncenter\"><a href=\"http:\/\/naprawiacz.com.pl\/wp-content\/uploads\/2015\/05\/101.jpg\"><img loading=\"lazy\" decoding=\"async\" aria-describedby=\"caption-attachment-438\" class=\"size-medium wp-image-438\" src=\"http:\/\/naprawiacz.com.pl\/wp-content\/uploads\/2015\/05\/101-200x300.jpg\" alt=\"Wymiana zamka Gerda\" width=\"200\" height=\"300\" srcset=\"https:\/\/naprawiacz.com.pl\/wp-content\/uploads\/2015\/05\/101-200x300.jpg 200w, https:\/\/naprawiacz.com.pl\/wp-content\/uploads\/2015\/05\/101.jpg 682w\" sizes=\"auto, (max-width: 200px) 100vw, 200px\" \/><\/a><p id=\"caption-attachment-438\" class=\"wp-caption-text\">Naprawa zamka<\/p><\/div>\n<p style=\"text-align: center;\">Rys. 10. Pogl\u0105dowo zamek dodatkowy &#8211; wk\u0142adka z\u0119bata w drzwiach antyw\u0142amaniowych rygle g\u00f3rne drzwi antyw\u0142amaniowych.<\/p>\n<p>W tym przypadku jest to z regu\u0142y wk\u0142adka antyw\u0142amaniowa z\u0119bata z ga\u0142k\u0105 z jednej strony a z drugiej na klucz.<\/p>\n<p>Prosz\u0119 pami\u0119ta\u0107 nie ilo\u015b\u0107 zamk\u00f3w w drzwiach ale ich jako\u015b\u0107 da nam poczucie bezpiecze\u0144stwa. Kupujmy zawsze zamki czy wk\u0142adki z atestem bezpiecze\u0144stwa. Nie kupujmy najta\u0144szych wk\u0142adek czy zamk\u00f3w to si\u0119 nie op\u0142aca.<\/p>\n<p>&nbsp;<\/p>\n<p>Naprawiacz oferuje us\u0142ugi \u015blusarskie w Warszawie:<\/p>\n<ul>\n<li>wymian\u0119 wk\u0142adek w drzwiach zwyk\u0142ych jak i antyw\u0142amaniowych.<\/li>\n<li>Wymian\u0119 jak i dodatkowy monta\u017c zamk\u00f3w nawierzchniowych.<\/li>\n<li>Napraw\u0119 drzwi antyw\u0142amaniowych<\/li>\n<li>Napraw\u0119 rygli, zamk\u00f3w centralnych drzwi zewn\u0119trznych jak i wewn\u0119trznych.<\/li>\n<li>Napraw\u0119 zawias\u00f3w szyld\u00f3w klamek.<\/li>\n<\/ul>\n<p>Naprawy realizujemy w ca\u0142ej Warszawie wystawiamy faktury vat.<\/p>\n<p>&nbsp;<\/p>\n\n\t\t<style type=\"text\/css\">\n\t\t\t#gallery-1 {\n\t\t\t\tmargin: auto;\n\t\t\t}\n\t\t\t#gallery-1 .gallery-item {\n\t\t\t\tfloat: left;\n\t\t\t\tmargin-top: 10px;\n\t\t\t\ttext-align: center;\n\t\t\t\twidth: 33%;\n\t\t\t}\n\t\t\t#gallery-1 img {\n\t\t\t\tborder: 2px solid #cfcfcf;\n\t\t\t}\n\t\t\t#gallery-1 .gallery-caption {\n\t\t\t\tmargin-left: 0;\n\t\t\t}\n\t\t\t\/* see gallery_shortcode() in wp-includes\/media.php *\/\n\t\t<\/style>\n\t\t<div id='gallery-1' class='gallery galleryid-79 gallery-columns-3 gallery-size-thumbnail'><dl class='gallery-item'>\n\t\t\t<dt class='gallery-icon portrait'>\n\t\t\t\t<a href='https:\/\/naprawiacz.com.pl\/?attachment_id=440'><img loading=\"lazy\" decoding=\"async\" width=\"150\" height=\"150\" src=\"https:\/\/naprawiacz.com.pl\/wp-content\/uploads\/2015\/05\/drzwi051-150x150.jpg\" class=\"attachment-thumbnail size-thumbnail\" alt=\"\" aria-describedby=\"gallery-1-440\" \/><\/a>\n\t\t\t<\/dt>\n\t\t\t\t<dd class='wp-caption-text gallery-caption' id='gallery-1-440'>\n\t\t\t\tMonta\u017c zamka\n\t\t\t\t<\/dd><\/dl><dl class='gallery-item'>\n\t\t\t<dt class='gallery-icon portrait'>\n\t\t\t\t<a href='https:\/\/naprawiacz.com.pl\/?attachment_id=441'><img loading=\"lazy\" decoding=\"async\" width=\"150\" height=\"150\" src=\"https:\/\/naprawiacz.com.pl\/wp-content\/uploads\/2015\/05\/drzwi061-150x150.jpg\" class=\"attachment-thumbnail size-thumbnail\" alt=\"\" aria-describedby=\"gallery-1-441\" \/><\/a>\n\t\t\t<\/dt>\n\t\t\t\t<dd class='wp-caption-text gallery-caption' id='gallery-1-441'>\n\t\t\t\twymiana wk\u0142adki\n\t\t\t\t<\/dd><\/dl><dl class='gallery-item'>\n\t\t\t<dt class='gallery-icon landscape'>\n\t\t\t\t<a href='https:\/\/naprawiacz.com.pl\/?attachment_id=442'><img loading=\"lazy\" decoding=\"async\" width=\"150\" height=\"150\" src=\"https:\/\/naprawiacz.com.pl\/wp-content\/uploads\/2015\/05\/DSC_0016_21-150x150.jpg\" class=\"attachment-thumbnail size-thumbnail\" alt=\"\" aria-describedby=\"gallery-1-442\" \/><\/a>\n\t\t\t<\/dt>\n\t\t\t\t<dd class='wp-caption-text gallery-caption' id='gallery-1-442'>\n\t\t\t\tzamek Gerda monta\u017c\n\t\t\t\t<\/dd><\/dl><br style=\"clear: both\" \/><dl class='gallery-item'>\n\t\t\t<dt class='gallery-icon portrait'>\n\t\t\t\t<a href='https:\/\/naprawiacz.com.pl\/?attachment_id=443'><img loading=\"lazy\" decoding=\"async\" width=\"150\" height=\"150\" src=\"https:\/\/naprawiacz.com.pl\/wp-content\/uploads\/2015\/05\/DSC_0042_11-150x150.jpg\" class=\"attachment-thumbnail size-thumbnail\" alt=\"\" aria-describedby=\"gallery-1-443\" \/><\/a>\n\t\t\t<\/dt>\n\t\t\t\t<dd class='wp-caption-text gallery-caption' id='gallery-1-443'>\n\t\t\t\tzamontowany zamek\n\t\t\t\t<\/dd><\/dl><dl class='gallery-item'>\n\t\t\t<dt class='gallery-icon portrait'>\n\t\t\t\t<a href='https:\/\/naprawiacz.com.pl\/?attachment_id=444'><img loading=\"lazy\" decoding=\"async\" width=\"150\" height=\"150\" src=\"https:\/\/naprawiacz.com.pl\/wp-content\/uploads\/2015\/05\/DSC_0052_21-150x150.jpg\" class=\"attachment-thumbnail size-thumbnail\" alt=\"\" aria-describedby=\"gallery-1-444\" \/><\/a>\n\t\t\t<\/dt>\n\t\t\t\t<dd class='wp-caption-text gallery-caption' id='gallery-1-444'>\n\t\t\t\tnaprawa zamka\n\t\t\t\t<\/dd><\/dl><dl class='gallery-item'>\n\t\t\t<dt class='gallery-icon portrait'>\n\t\t\t\t<a href='https:\/\/naprawiacz.com.pl\/?attachment_id=445'><img loading=\"lazy\" decoding=\"async\" width=\"150\" height=\"150\" src=\"https:\/\/naprawiacz.com.pl\/wp-content\/uploads\/2015\/05\/DSC018351-150x150.jpg\" class=\"attachment-thumbnail size-thumbnail\" alt=\"\" aria-describedby=\"gallery-1-445\" \/><\/a>\n\t\t\t<\/dt>\n\t\t\t\t<dd class='wp-caption-text gallery-caption' id='gallery-1-445'>\n\t\t\t\tdrzwi antyw\u0142amaniowe\n\t\t\t\t<\/dd><\/dl><br style=\"clear: both\" \/>\n\t\t<\/div>\n\n<p>Us\u0142ugi \u015bwiadczymy w Warszawie:\u00a0Bemowo, Bia\u0142o\u0142\u0119ka, Bielany, Mokot\u00f3w, Ochota, Praga, Po\u0142udnie, Praga P\u00f3\u0142noc, Rembert\u00f3w, \u015ar\u00f3dmie\u015bcie, Targ\u00f3wek, Ursus, Ursyn\u00f3w, Wawer, Weso\u0142a, Wilan\u00f3w, W\u0142ochy, Wola, \u017boliborz.<\/p>\n","protected":false},"excerpt":{"rendered":"<p>Us\u0142ugi \u015alusarskie Warszawa. Kolejna porada z Naprawiacza dotyczy wymiana zamka w drzwiach zewn\u0119trznych antyw\u0142amaniowych i zwyk\u0142ych oraz drzwi wewn\u0119trznych. Drzwi typu Gerda, La Porta, Dre, oraz producenci drzwi tzw. chi\u0144skich.&hellip; <\/p>\n","protected":false},"author":2,"featured_media":391,"parent":14,"menu_order":0,"comment_status":"closed","ping_status":"closed","template":"","meta":{"footnotes":""},"class_list":["post-79","page","type-page","status-publish","has-post-thumbnail","hentry"],"aioseo_notices":[],"_links":{"self":[{"href":"https:\/\/naprawiacz.com.pl\/index.php?rest_route=\/wp\/v2\/pages\/79","targetHints":{"allow":["GET"]}}],"collection":[{"href":"https:\/\/naprawiacz.com.pl\/index.php?rest_route=\/wp\/v2\/pages"}],"about":[{"href":"https:\/\/naprawiacz.com.pl\/index.php?rest_route=\/wp\/v2\/types\/page"}],"author":[{"embeddable":true,"href":"https:\/\/naprawiacz.com.pl\/index.php?rest_route=\/wp\/v2\/users\/2"}],"replies":[{"embeddable":true,"href":"https:\/\/naprawiacz.com.pl\/index.php?rest_route=%2Fwp%2Fv2%2Fcomments&post=79"}],"version-history":[{"count":12,"href":"https:\/\/naprawiacz.com.pl\/index.php?rest_route=\/wp\/v2\/pages\/79\/revisions"}],"predecessor-version":[{"id":448,"href":"https:\/\/naprawiacz.com.pl\/index.php?rest_route=\/wp\/v2\/pages\/79\/revisions\/448"}],"up":[{"embeddable":true,"href":"https:\/\/naprawiacz.com.pl\/index.php?rest_route=\/wp\/v2\/pages\/14"}],"wp:featuredmedia":[{"embeddable":true,"href":"https:\/\/naprawiacz.com.pl\/index.php?rest_route=\/wp\/v2\/media\/391"}],"wp:attachment":[{"href":"https:\/\/naprawiacz.com.pl\/index.php?rest_route=%2Fwp%2Fv2%2Fmedia&parent=79"}],"curies":[{"name":"wp","href":"https:\/\/api.w.org\/{rel}","templated":true}]}}