{"id":707,"date":"2018-07-22T13:27:19","date_gmt":"2018-07-22T13:27:19","guid":{"rendered":"http:\/\/naprawiacz.com.pl\/?page_id=707"},"modified":"2021-03-12T07:25:42","modified_gmt":"2021-03-12T07:25:42","slug":"montaz-karniszy-sufitowych-czy-sciennych","status":"publish","type":"page","link":"https:\/\/naprawiacz.com.pl\/?page_id=707","title":{"rendered":"monta\u017c karniszy sufitowych czy \u015bciennych"},"content":{"rendered":"<div id=\"attachment_709\" style=\"width: 710px\" class=\"wp-caption aligncenter\"><a href=\"http:\/\/naprawiacz.com.pl\/montaz-karniszy-sufitowych-czy-sciennych\/attachment\/20170820_164105\/\" rel=\"attachment wp-att-709\"><img loading=\"lazy\" decoding=\"async\" aria-describedby=\"caption-attachment-709\" class=\"size-large wp-image-709\" src=\"http:\/\/naprawiacz.com.pl\/wp-content\/uploads\/2018\/07\/20170820_164105-768x1024.jpg\" alt=\"zawiesic karnisz\" width=\"700\" height=\"933\" srcset=\"https:\/\/naprawiacz.com.pl\/wp-content\/uploads\/2018\/07\/20170820_164105.jpg 768w, https:\/\/naprawiacz.com.pl\/wp-content\/uploads\/2018\/07\/20170820_164105-225x300.jpg 225w\" sizes=\"auto, (max-width: 700px) 100vw, 700px\" \/><\/a><p id=\"caption-attachment-709\" class=\"wp-caption-text\">Rys. monta\u017c karniszy sufitowych \u015bciennych Warszawa<\/p><\/div>\n<p>Monta\u017c karniszy \u015bciennych czy sufitowych &#8211; nic prostszego &#8211; wiercimy i wieszamy. Nic mylnego, na ka\u017cdym etapie czekaj\u0105 nas niespodzianki. Otw\u00f3r w \u015bcianie pod ko\u0142ek ka\u017cdy mo\u017ce wywierci\u0107, ka\u017cdy wierci &#8211; montuje karnisz i potem karnisz opada. pytanie dlaczego?<\/p>\n<p>Je\u015bli jest jeden otw\u00f3r &#8211; to nie ma znaczenia. Je\u015bli natomiast mamy trzy otwory w\u00a0 elemencie mocuj\u0105cym nasz karnisz do \u015bciany to tu ju\u017c musimy dwa otwory skierowa\u0107 do g\u00f3ry a jeden do do\u0142u. W\u00f3wczas nasz zamontowany karnisz b\u0119dzie d\u0142ugo utrzymywa\u0142 zawieszony ci\u0119\u017car w postaci firan czy zas\u0142on.<\/p>\n<p>Kolejnym problemem cz\u0119sto spotykaj\u0105cym osoby kt\u00f3re samodzielnie chc\u0105 powiesi\u0107 karnisz- to odwierty w p\u0142ytach \u017celbetonowych. Wymagaj\u0105 one posiadania wiertarek udarowych &#8211; profesjonalnego sprz\u0119tu.<\/p>\n<p>Przy wierceniu otwor\u00f3w pod karnisz cz\u0119sto przewiercamy przewody instalacji elektrycznej. Przecie\u017c nic nie powinno tam by\u0107. A jednak nad oknem cz\u0119sto rozk\u0142adana jest instalacja elektryczna i w tedy bum!.<\/p>\n<p>Naprawiacz \u015bwiadczy us\u0142ugi profesjonalnego monta\u017cu karniszy \u015bciennych, sufitowych i innych. Posiadamy profesjonalny sprz\u0119t do wiercenia z odkurzaczem zintegrowanym z wiertark\u0105. Jak r\u00f3wnie\u017c sprz\u0119t diagnostyczny do sprawdzenia czy przewody instalacji elektrycznej znajduj\u0105 si\u0119 w miejscu wiercenia.<\/p>\n<p>Dzia\u0142amy w ca\u0142ej Warszawie. Us\u0142ug\u0119 mo\u017cemy zamawia\u0107 telefonicznie lub mailowo. Wystawiamy faktury<\/p>\n<p>&nbsp;<\/p>\n","protected":false},"excerpt":{"rendered":"<p>Monta\u017c karniszy \u015bciennych czy sufitowych &#8211; nic prostszego &#8211; wiercimy i wieszamy. Nic mylnego, na ka\u017cdym etapie czekaj\u0105 nas niespodzianki. Otw\u00f3r w \u015bcianie pod ko\u0142ek ka\u017cdy mo\u017ce wywierci\u0107, ka\u017cdy wierci&hellip; <\/p>\n","protected":false},"author":2,"featured_media":0,"parent":194,"menu_order":0,"comment_status":"closed","ping_status":"closed","template":"","meta":{"footnotes":""},"class_list":["post-707","page","type-page","status-publish","hentry"],"aioseo_notices":[],"_links":{"self":[{"href":"https:\/\/naprawiacz.com.pl\/index.php?rest_route=\/wp\/v2\/pages\/707","targetHints":{"allow":["GET"]}}],"collection":[{"href":"https:\/\/naprawiacz.com.pl\/index.php?rest_route=\/wp\/v2\/pages"}],"about":[{"href":"https:\/\/naprawiacz.com.pl\/index.php?rest_route=\/wp\/v2\/types\/page"}],"author":[{"embeddable":true,"href":"https:\/\/naprawiacz.com.pl\/index.php?rest_route=\/wp\/v2\/users\/2"}],"replies":[{"embeddable":true,"href":"https:\/\/naprawiacz.com.pl\/index.php?rest_route=%2Fwp%2Fv2%2Fcomments&post=707"}],"version-history":[{"count":4,"href":"https:\/\/naprawiacz.com.pl\/index.php?rest_route=\/wp\/v2\/pages\/707\/revisions"}],"predecessor-version":[{"id":878,"href":"https:\/\/naprawiacz.com.pl\/index.php?rest_route=\/wp\/v2\/pages\/707\/revisions\/878"}],"up":[{"embeddable":true,"href":"https:\/\/naprawiacz.com.pl\/index.php?rest_route=\/wp\/v2\/pages\/194"}],"wp:attachment":[{"href":"https:\/\/naprawiacz.com.pl\/index.php?rest_route=%2Fwp%2Fv2%2Fmedia&parent=707"}],"curies":[{"name":"wp","href":"https:\/\/api.w.org\/{rel}","templated":true}]}}