{"id":559,"date":"2015-07-18T07:40:44","date_gmt":"2015-07-18T07:40:44","guid":{"rendered":"http:\/\/naprawiacz.com.pl\/?page_id=559"},"modified":"2025-05-28T06:27:30","modified_gmt":"2025-05-28T06:27:30","slug":"zlota_raczka_warszawa_tanio","status":"publish","type":"page","link":"https:\/\/naprawiacz.com.pl\/?page_id=559","title":{"rendered":"Z\u0142ota R\u0105czka Warszawa"},"content":{"rendered":"<p>Z\u0142ota R\u0105czka Warszawa. <strong>Okre\u015blaj\u0105 nas tak gdy\u017c wykonujemy czynno\u015bci dla przys\u0142owiowej Z\u0142otej R\u0105czki<\/strong>. Naprawimy wszystko to co si\u0119 zepsuje w Twoim mieszkaniu, biurze, domu. Zakres czynno\u015bci Z\u0142ota R\u0105czka ma obszerny i dostosowany do potrzeb szybkich napraw domowych. Naprawimy usterki z zakresu :<\/p>\n<p><strong>hydrauliki:<\/strong> zapchana umywalka, zapchany brodzik wanna, zapchana toaleta, przeciekaj\u0105ca wanna przeciekaj\u0105cy brodzik, ciekn\u0105cy kran bateria, naprawa sp\u0142uczki w<em>c Schwab Geberit Ko\u0142<\/em>o, naprawa toalety wc dolnop\u0142uka.<\/p>\n<p><strong>elektryki<\/strong>:\u00a0Naprawimy o\u015bwietlenie w Twoim mieszkaniu czy domu. <strong>Gdy nie dzia\u0142a \u017car\u00f3wka lub bezpiecznik ci\u0105gle wyskakuje poradzimy sobie i z nim.<\/strong> Naprawy elektryczne jak i wykonanie nowej instalacji elektrycznej nie jest nam obce. Poni\u017cej schemat pod\u0142\u0105czenie schodowe 1 \u017car\u00f3wka a dwa prze\u0142\u0105cznik.<\/p>\n<p>schemat pod\u0142aczenia schodowego<\/p>\n<div id=\"attachment_555\" style=\"width: 310px\" class=\"wp-caption aligncenter\"><a href=\"http:\/\/naprawiacz.com.pl\/wp-content\/uploads\/2015\/05\/schodowy.jpg\"><img loading=\"lazy\" decoding=\"async\" aria-describedby=\"caption-attachment-555\" class=\"wp-image-555 size-medium\" title=\"Z\u0142ota R\u0105czka Warszawa\" src=\"http:\/\/naprawiacz.com.pl\/wp-content\/uploads\/2015\/05\/schodowy-300x211.jpg\" alt=\"Z\u0142ota R\u0105czka Warszawa\" width=\"300\" height=\"211\" srcset=\"https:\/\/naprawiacz.com.pl\/wp-content\/uploads\/2015\/05\/schodowy-300x211.jpg 300w, https:\/\/naprawiacz.com.pl\/wp-content\/uploads\/2015\/05\/schodowy-1024x719.jpg 1024w, https:\/\/naprawiacz.com.pl\/wp-content\/uploads\/2015\/05\/schodowy.jpg 1200w\" sizes=\"auto, (max-width: 300px) 100vw, 300px\" \/><\/a><p id=\"caption-attachment-555\" class=\"wp-caption-text\">Z\u0142ota R\u0105czka Warszawa<\/p><\/div>\n<p>Nale\u017cy pami\u0119ta\u0107 aby samodzielnie nie dokonywa\u0107 napraw instalacji elektrycznej w domu czy mieszkaniu. Awarie elektrczne wymagaj\u0105 wiedzy i do\u015bwiadczenia a przede wszystkim stosownych uprawnie\u0144. Nie autoryzowana ingerencja w instalacj\u0119 elektryczn\u0105, lampy czy \u017cyrandola czesto ko\u0144cz\u0105 si\u0119 pora\u017ceniem elektrycznym. Pami\u0119taj nie sprawna instalacja elektryczna, gniazdka, prze\u0142\u0105cznika i wreszcie odbiorniki elektryczne cz\u0119sto mog\u0105 doprawadzi\u0107 do powa\u017cnych awarii w naszym domu i zako\u0144czy\u0107 si\u0119 wr\u0119cz po\u017carem. Posiadamy stosowne uprawnienia SEP do 1 KV, kt\u00f3re pozwalaj\u0105 nam na dokonywanie napraw w Pa\u0144stwa instalacjach elektrycznych. Opr\u00f3cz napraw Z\u0142ota R\u0105czka wykonuje r\u00f3wnie\u017c monta\u017c &#8211; powiesi \u00a0lampy, \u017cyrandole,wymieni r\u00f3\u017cnic\u00f3wk\u0119.<\/p>\n<p><strong>stolarki<\/strong>: Naprawy mebli kuchennych, naprawa front\u00f3w szafek, wymiana zawias\u00f3w puszkowych w szafkach kuchennych, wymiana front\u00f3w meblowych, wymiana teleskop\u00f3w gazowych w szafkach kuchennych, regulacja front\u00f3w. Naprawa szafy przesuwnej, sk\u0142adanej Stanley, Laguna, Komandor, Senator. Naprawa \u0142\u00f3\u017cek, tapczan\u00f3w. Malowanie drzwi zewn\u0119trznych, wewn\u0119trznych.<\/p>\n<p><strong>\u015blusarki:<\/strong> To g\u0142\u00f3wnie drzwi zewn\u0119trzne i wewn\u0119trzne. Naprawa zawias\u00f3w w drzwiach Gerda, Witex, Porta, Dre, Wymiana wk\u0142adki w drzwiach, wymiana klamki, naprawa klamki i szyldu. Naprawa drzwi antyw\u0142amaniowych i ich regulacja. Wymiana i naprawa skrzynki pocztowej, Naprawa okien i drzwi PCV.<\/p>\n<p>remont\u00f3w mieszka\u0144: W ofercie nie mo\u017ce zabrakn\u0105\u0107 malowania mieszkania. Z\u0142ota R\u0105czka potrafi tapetowa\u0107 pokoje, u\u0142o\u017cy\u0107 fototapety. U\u0142o\u017cy\u0107 glazur\u0119 i terakot\u0119 w \u0142azience czy na tarasie.<\/p>\n\n\t\t<style type=\"text\/css\">\n\t\t\t#gallery-1 {\n\t\t\t\tmargin: auto;\n\t\t\t}\n\t\t\t#gallery-1 .gallery-item {\n\t\t\t\tfloat: left;\n\t\t\t\tmargin-top: 10px;\n\t\t\t\ttext-align: center;\n\t\t\t\twidth: 33%;\n\t\t\t}\n\t\t\t#gallery-1 img {\n\t\t\t\tborder: 2px solid #cfcfcf;\n\t\t\t}\n\t\t\t#gallery-1 .gallery-caption {\n\t\t\t\tmargin-left: 0;\n\t\t\t}\n\t\t\t\/* see gallery_shortcode() in wp-includes\/media.php *\/\n\t\t<\/style>\n\t\t<div id='gallery-1' class='gallery galleryid-559 gallery-columns-3 gallery-size-thumbnail'><dl class='gallery-item'>\n\t\t\t<dt class='gallery-icon landscape'>\n\t\t\t\t<a href='https:\/\/naprawiacz.com.pl\/?attachment_id=576'><img loading=\"lazy\" decoding=\"async\" width=\"150\" height=\"150\" src=\"https:\/\/naprawiacz.com.pl\/wp-content\/uploads\/2015\/07\/DSC02575-150x150.jpg\" class=\"attachment-thumbnail size-thumbnail\" alt=\"Remonty malowanie mieszka\u0144\" aria-describedby=\"gallery-1-576\" \/><\/a>\n\t\t\t<\/dt>\n\t\t\t\t<dd class='wp-caption-text gallery-caption' id='gallery-1-576'>\n\t\t\t\tRemonty mieszka\u0144 malowanie, uk\u0142adanie paneli\n\t\t\t\t<\/dd><\/dl><dl class='gallery-item'>\n\t\t\t<dt class='gallery-icon portrait'>\n\t\t\t\t<a href='https:\/\/naprawiacz.com.pl\/?attachment_id=577'><img loading=\"lazy\" decoding=\"async\" width=\"150\" height=\"150\" src=\"https:\/\/naprawiacz.com.pl\/wp-content\/uploads\/2015\/07\/DSC02550-150x150.jpg\" class=\"attachment-thumbnail size-thumbnail\" alt=\"Z\u0142ota r\u0105czka\" aria-describedby=\"gallery-1-577\" \/><\/a>\n\t\t\t<\/dt>\n\t\t\t\t<dd class='wp-caption-text gallery-caption' id='gallery-1-577'>\n\t\t\t\tnaprawa drzwi, zawiasy, zamki, regulacje\n\t\t\t\t<\/dd><\/dl><dl class='gallery-item'>\n\t\t\t<dt class='gallery-icon portrait'>\n\t\t\t\t<a href='https:\/\/naprawiacz.com.pl\/?attachment_id=578'><img loading=\"lazy\" decoding=\"async\" width=\"150\" height=\"150\" src=\"https:\/\/naprawiacz.com.pl\/wp-content\/uploads\/2015\/07\/DSC02569-150x150.jpg\" class=\"attachment-thumbnail size-thumbnail\" alt=\"\" aria-describedby=\"gallery-1-578\" \/><\/a>\n\t\t\t<\/dt>\n\t\t\t\t<dd class='wp-caption-text gallery-caption' id='gallery-1-578'>\n\t\t\t\tZ\u0142ota R\u0105czka\n\t\t\t\t<\/dd><\/dl><br style=\"clear: both\" \/><dl class='gallery-item'>\n\t\t\t<dt class='gallery-icon portrait'>\n\t\t\t\t<a href='https:\/\/naprawiacz.com.pl\/?attachment_id=579'><img loading=\"lazy\" decoding=\"async\" width=\"150\" height=\"150\" src=\"https:\/\/naprawiacz.com.pl\/wp-content\/uploads\/2015\/07\/DSC02574-150x150.jpg\" class=\"attachment-thumbnail size-thumbnail\" alt=\"przykr\u0119cenie klamki\" aria-describedby=\"gallery-1-579\" \/><\/a>\n\t\t\t<\/dt>\n\t\t\t\t<dd class='wp-caption-text gallery-caption' id='gallery-1-579'>\n\t\t\t\tNaprawa klamek, naprawa szyldu\n\t\t\t\t<\/dd><\/dl><dl class='gallery-item'>\n\t\t\t<dt class='gallery-icon portrait'>\n\t\t\t\t<a href='https:\/\/naprawiacz.com.pl\/?attachment_id=580'><img loading=\"lazy\" decoding=\"async\" width=\"150\" height=\"150\" src=\"https:\/\/naprawiacz.com.pl\/wp-content\/uploads\/2015\/07\/IMG_20150519_165215-150x150.jpg\" class=\"attachment-thumbnail size-thumbnail\" alt=\"monta\u017c stolarki drzwiowej\" aria-describedby=\"gallery-1-580\" \/><\/a>\n\t\t\t<\/dt>\n\t\t\t\t<dd class='wp-caption-text gallery-caption' id='gallery-1-580'>\n\t\t\t\tUs\u0142ugi remontowe \n\t\t\t\t<\/dd><\/dl>\n\t\t\t<br style='clear: both' \/>\n\t\t<\/div>\n\n","protected":false},"excerpt":{"rendered":"<p>Z\u0142ota R\u0105czka Warszawa. Okre\u015blaj\u0105 nas tak gdy\u017c wykonujemy czynno\u015bci dla przys\u0142owiowej Z\u0142otej R\u0105czki. Naprawimy wszystko to co si\u0119 zepsuje w Twoim mieszkaniu, biurze, domu. Zakres czynno\u015bci Z\u0142ota R\u0105czka ma obszerny&hellip; <\/p>\n","protected":false},"author":2,"featured_media":762,"parent":0,"menu_order":0,"comment_status":"closed","ping_status":"closed","template":"","meta":{"footnotes":""},"class_list":["post-559","page","type-page","status-publish","has-post-thumbnail","hentry"],"aioseo_notices":[],"_links":{"self":[{"href":"https:\/\/naprawiacz.com.pl\/index.php?rest_route=\/wp\/v2\/pages\/559","targetHints":{"allow":["GET"]}}],"collection":[{"href":"https:\/\/naprawiacz.com.pl\/index.php?rest_route=\/wp\/v2\/pages"}],"about":[{"href":"https:\/\/naprawiacz.com.pl\/index.php?rest_route=\/wp\/v2\/types\/page"}],"author":[{"embeddable":true,"href":"https:\/\/naprawiacz.com.pl\/index.php?rest_route=\/wp\/v2\/users\/2"}],"replies":[{"embeddable":true,"href":"https:\/\/naprawiacz.com.pl\/index.php?rest_route=%2Fwp%2Fv2%2Fcomments&post=559"}],"version-history":[{"count":18,"href":"https:\/\/naprawiacz.com.pl\/index.php?rest_route=\/wp\/v2\/pages\/559\/revisions"}],"predecessor-version":[{"id":900,"href":"https:\/\/naprawiacz.com.pl\/index.php?rest_route=\/wp\/v2\/pages\/559\/revisions\/900"}],"wp:featuredmedia":[{"embeddable":true,"href":"https:\/\/naprawiacz.com.pl\/index.php?rest_route=\/wp\/v2\/media\/762"}],"wp:attachment":[{"href":"https:\/\/naprawiacz.com.pl\/index.php?rest_route=%2Fwp%2Fv2%2Fmedia&parent=559"}],"curies":[{"name":"wp","href":"https:\/\/api.w.org\/{rel}","templated":true}]}}