{"id":365,"date":"2015-05-16T18:59:09","date_gmt":"2015-05-16T18:59:09","guid":{"rendered":"http:\/\/naprawiacz.com.pl\/?page_id=365"},"modified":"2015-06-27T07:39:13","modified_gmt":"2015-06-27T07:39:13","slug":"naprawa-gniazdka","status":"publish","type":"page","link":"https:\/\/naprawiacz.com.pl\/?page_id=365","title":{"rendered":"Przesuniecie gniazd, punkt\u00f3w elektrycznych"},"content":{"rendered":"<p>Przesuni\u0119cie gniazda elektrycznego rozpoczynamy od ustalenia miejsca instalacji nowego gniazda, zaznaczamy sobie punkt, a nast\u0119pnie wyznaczamy drog\u0119 u\u0142o\u017cenia przewodu elektrycznego zasilaj\u0105cego i sprawdzamy czy w miejscu u\u0142o\u017cenia przewodu\u00a0 jak i w miejscu nowego gniazda nie ma przewod\u00f3w instalacji elektrycznej. Sprawdzamy to specjalnym przyrz\u0105dem kt\u00f3ry da nam pewno\u015b\u0107 i\u017c podczas kucia bruzd w \u015bcianie na natrafimy na inne przewody elektryczne czy hydrauliczne. \u00a0Prace zwi\u0105zane z przesuwaniem punkt\u00f3w elektrycznych, lamp, \u017cyrandoli czy gniazd elektrycznych a nawet prze\u0142\u0105cznik\u00f3w nale\u017cy bezwzgl\u0119dnie powierzy\u0107 elektrykowi z uprawnieniami SEP. Gdy\u017c samowolne przer\u00f3bki bez wiedzy elektrycznej jak i uprawnie\u0144 SEP cz\u0119sto sko\u0144czy\u0107 si\u0119 mog\u0105 powa\u017cnymi usterkami instalacji elektrycznej czy wr\u0119cz pora\u017ceniem pr\u0105dem elektrycznym.<\/p>\n<div id=\"attachment_369\" style=\"width: 154px\" class=\"wp-caption aligncenter\"><img loading=\"lazy\" decoding=\"async\" aria-describedby=\"caption-attachment-369\" class=\"wp-image-369 size-medium\" src=\"http:\/\/naprawiacz.com.pl\/wp-content\/uploads\/2015\/05\/i-bosch-detektor-gms-120-601081000-144x300.jpg\" alt=\"elektryk Warszawa\" width=\"144\" height=\"300\" srcset=\"https:\/\/naprawiacz.com.pl\/wp-content\/uploads\/2015\/05\/i-bosch-detektor-gms-120-601081000-144x300.jpg 144w, https:\/\/naprawiacz.com.pl\/wp-content\/uploads\/2015\/05\/i-bosch-detektor-gms-120-601081000.jpg 383w\" sizes=\"auto, (max-width: 144px) 100vw, 144px\" \/><p id=\"caption-attachment-369\" class=\"wp-caption-text\">Tester wykrywacz przewod\u00f3w elektrycznych.<\/p><\/div>\n<h5 style=\"text-align: center;\"><strong>\u00a0Rys.1. Przyk\u0142adowo tester kt\u00f3rym pos\u0142uguje si\u0119 Naprawiacz przy wszelkich przer\u00f3bkach w instalacji elektrycznej w tym przy przesuwaniu punkt\u00f3w elektrycznych: \u017cyrandola, gniazdka, prze\u0142\u0105cznika.<\/strong><\/h5>\n<p>Jak ju\u017c ustalili\u015bmy gdzie chcemy mie\u0107 nowe gniazdko elektryczne to przyst\u0119pujemy do wywiercenia otworu w \u015bcianie.<\/p>\n<div id=\"attachment_372\" style=\"width: 310px\" class=\"wp-caption aligncenter\"><img loading=\"lazy\" decoding=\"async\" aria-describedby=\"caption-attachment-372\" class=\"wp-image-372 size-medium\" src=\"http:\/\/naprawiacz.com.pl\/wp-content\/uploads\/2015\/05\/19-300x149.jpg\" alt=\"elektryk naprawa gniazd awarie \" width=\"300\" height=\"149\" srcset=\"https:\/\/naprawiacz.com.pl\/wp-content\/uploads\/2015\/05\/19-300x149.jpg 300w, https:\/\/naprawiacz.com.pl\/wp-content\/uploads\/2015\/05\/19.jpg 866w\" sizes=\"auto, (max-width: 300px) 100vw, 300px\" \/><p id=\"caption-attachment-372\" class=\"wp-caption-text\">elektryk Warszawa<\/p><\/div>\n<h5 style=\"text-align: center;\"><strong>Rys.2. Elektryk Tarchomin Bia\u0142o\u0142\u0119ka, pogl\u0105dowo przesuni\u0119cie gniazdka-wywiercony otw\u00f3r pod nowe gniazdko.<\/strong><\/h5>\n<p>Nast\u0119pnie przyst\u0119pujemy do wyci\u0119cia bruzd pomi\u0119dzy starym a nowym gniazdkiem elektrycznym, \u0142\u0105czymy przewody elektryczne &#8211; przed\u0142u\u017camy.\u00a0Obsadzamy koniecznie puszk\u0119 elektryczn\u0105 w otworze i doprowadzamy do niej przewody elektryczne.<\/p>\n<div id=\"attachment_373\" style=\"width: 210px\" class=\"wp-caption aligncenter\"><a href=\"http:\/\/naprawiacz.com.pl\/wp-content\/uploads\/2015\/05\/34.jpg\"><img loading=\"lazy\" decoding=\"async\" aria-describedby=\"caption-attachment-373\" class=\"size-medium wp-image-373\" src=\"http:\/\/naprawiacz.com.pl\/wp-content\/uploads\/2015\/05\/34-200x300.jpg\" alt=\"elektryk\" width=\"200\" height=\"300\" srcset=\"https:\/\/naprawiacz.com.pl\/wp-content\/uploads\/2015\/05\/34-200x300.jpg 200w, https:\/\/naprawiacz.com.pl\/wp-content\/uploads\/2015\/05\/34.jpg 577w\" sizes=\"auto, (max-width: 200px) 100vw, 200px\" \/><\/a><p id=\"caption-attachment-373\" class=\"wp-caption-text\">gniazdko elektryczne<\/p><\/div>\n<h5 style=\"text-align: center;\">\u00a0Rys. 3.Elektryk Tarchomin Bia\u0142o\u0142\u0119ka Warszawa naprawa gniazdka, pogl\u0105dowo osadzona puszka pod gniazdko elektryczne.<\/h5>\n<p>Mocujemy nast\u0119pnie przew\u00f3d elektryczny w bru\u017adzie i szpachlujemy ca\u0142o\u015b\u0107.<\/p>\n<p>&nbsp;<\/p>\n<p><strong>\u00a0<\/strong><\/p>\n<div id=\"attachment_376\" style=\"width: 310px\" class=\"wp-caption aligncenter\"><a href=\"http:\/\/naprawiacz.com.pl\/wp-content\/uploads\/2015\/05\/DSC01410.jpg\"><img loading=\"lazy\" decoding=\"async\" aria-describedby=\"caption-attachment-376\" class=\"size-medium wp-image-376\" src=\"http:\/\/naprawiacz.com.pl\/wp-content\/uploads\/2015\/05\/DSC01410-300x200.jpg\" alt=\"gniazdko elektryczne\" width=\"300\" height=\"200\" srcset=\"https:\/\/naprawiacz.com.pl\/wp-content\/uploads\/2015\/05\/DSC01410-300x200.jpg 300w, https:\/\/naprawiacz.com.pl\/wp-content\/uploads\/2015\/05\/DSC01410.jpg 1024w\" sizes=\"auto, (max-width: 300px) 100vw, 300px\" \/><\/a><p id=\"caption-attachment-376\" class=\"wp-caption-text\">gniazdko po naprawie<\/p><\/div>\n<h5 style=\"text-align: center;\"><strong>Rys. 4. Elektryk Tarchomin Bia\u0142o\u0142\u0119ka naprawa gniazdka, pogl\u0105dowo zaszpachlowane przesuni\u0119cie gniazdka elektrycznego. Na gotowo.<\/strong><\/h5>\n<p>Po zaszpachlowaniu \u015bciany,musimy da\u0107 wyschn\u0105\u0107 na\u0142o\u017conej pierwszej warstwie aby m\u00f3c po\u0142o\u017cy\u0107 drug\u0105 warstw\u0119 szpachli, kt\u00f3ra wyg\u0142adzi nam ostatecznie \u015bcian\u0119, sprawiaj\u0105c \u017ce nasze po\u0142\u0105czenia stan\u0105 si\u0119 nie widoczne.\u00a0Nast\u0119pnie malujemy \u015bcian\u0119 b\u0105d\u017a dokonujemy miejscowych zaprawek.\u00a0Po tych czynno\u015bciach montujemy gniazdo elektryczne i gotowe.<\/p>\n<p>Odradzam samodzielnego dokonywania przer\u00f3bek instalacji elektrycznej w lokalu. Dokonywanie powy\u017cszych czynno\u015bci ze wzgl\u0119du na du\u017ce ryzyko uszkodzenia instalacji elektrycznej b\u0105d\u017a pora\u017cenia \u00a0pr\u0105dem elektrycznym.<\/p>\n<p>Naprawiacz wykonuje przer\u00f3bki instalacji elektrycznej. Wymieniamy gniazdka elektryczne, prze\u0142\u0105czniki. Wymiana monta\u017c \u017cyrandoli, lamp, kinkiet\u00f3w. Naprawa instalacji elektrycznej. Pod\u0142\u0105czenie p\u0142yty elektrycznej, piekarnika. Nowe instalacje elektryczne, wymiana r\u00f3\u017cnic\u00f3wki.<\/p>\n<p>Us\u0142ugi elektryczne \u015bwiadczymy w ca\u0142ej Warszawie. Posiadamy uprawnienia SEP.<\/p>\n<p><strong>\u00a0<\/strong><\/p>\n<p>&nbsp;<\/p>\n<p><strong>\u00a0<\/strong><\/p>\n\n\t\t<style type=\"text\/css\">\n\t\t\t#gallery-1 {\n\t\t\t\tmargin: auto;\n\t\t\t}\n\t\t\t#gallery-1 .gallery-item {\n\t\t\t\tfloat: left;\n\t\t\t\tmargin-top: 10px;\n\t\t\t\ttext-align: center;\n\t\t\t\twidth: 33%;\n\t\t\t}\n\t\t\t#gallery-1 img {\n\t\t\t\tborder: 2px solid #cfcfcf;\n\t\t\t}\n\t\t\t#gallery-1 .gallery-caption {\n\t\t\t\tmargin-left: 0;\n\t\t\t}\n\t\t\t\/* see gallery_shortcode() in wp-includes\/media.php *\/\n\t\t<\/style>\n\t\t<div id='gallery-1' class='gallery galleryid-365 gallery-columns-3 gallery-size-thumbnail'><dl class='gallery-item'>\n\t\t\t<dt class='gallery-icon landscape'>\n\t\t\t\t<a href='https:\/\/naprawiacz.com.pl\/?attachment_id=386'><img loading=\"lazy\" decoding=\"async\" width=\"150\" height=\"150\" src=\"https:\/\/naprawiacz.com.pl\/wp-content\/uploads\/2015\/05\/DSC00006-150x150.jpg\" class=\"attachment-thumbnail size-thumbnail\" alt=\"\" aria-describedby=\"gallery-1-386\" \/><\/a>\n\t\t\t<\/dt>\n\t\t\t\t<dd class='wp-caption-text gallery-caption' id='gallery-1-386'>\n\t\t\t\tmonta\u017c \u017cyrandola\n\t\t\t\t<\/dd><\/dl><dl class='gallery-item'>\n\t\t\t<dt class='gallery-icon portrait'>\n\t\t\t\t<a href='https:\/\/naprawiacz.com.pl\/?attachment_id=385'><img loading=\"lazy\" decoding=\"async\" width=\"150\" height=\"150\" src=\"https:\/\/naprawiacz.com.pl\/wp-content\/uploads\/2015\/05\/DSC09996-150x150.jpg\" class=\"attachment-thumbnail size-thumbnail\" alt=\"\" aria-describedby=\"gallery-1-385\" \/><\/a>\n\t\t\t<\/dt>\n\t\t\t\t<dd class='wp-caption-text gallery-caption' id='gallery-1-385'>\n\t\t\t\tmonta\u017c lampy\n\t\t\t\t<\/dd><\/dl><dl class='gallery-item'>\n\t\t\t<dt class='gallery-icon landscape'>\n\t\t\t\t<a href='https:\/\/naprawiacz.com.pl\/?attachment_id=383'><img loading=\"lazy\" decoding=\"async\" width=\"150\" height=\"150\" src=\"https:\/\/naprawiacz.com.pl\/wp-content\/uploads\/2015\/05\/DSC09947-150x150.jpg\" class=\"attachment-thumbnail size-thumbnail\" alt=\"\" aria-describedby=\"gallery-1-383\" \/><\/a>\n\t\t\t<\/dt>\n\t\t\t\t<dd class='wp-caption-text gallery-caption' id='gallery-1-383'>\n\t\t\t\tprzesuni\u0119cie lampy\n\t\t\t\t<\/dd><\/dl><br style=\"clear: both\" \/><dl class='gallery-item'>\n\t\t\t<dt class='gallery-icon landscape'>\n\t\t\t\t<a href='https:\/\/naprawiacz.com.pl\/?attachment_id=382'><img loading=\"lazy\" decoding=\"async\" width=\"150\" height=\"150\" src=\"https:\/\/naprawiacz.com.pl\/wp-content\/uploads\/2015\/05\/DSC08454-150x150.jpg\" class=\"attachment-thumbnail size-thumbnail\" alt=\"\" aria-describedby=\"gallery-1-382\" \/><\/a>\n\t\t\t<\/dt>\n\t\t\t\t<dd class='wp-caption-text gallery-caption' id='gallery-1-382'>\n\t\t\t\tnaprawa \u017cyrandola\n\t\t\t\t<\/dd><\/dl><dl class='gallery-item'>\n\t\t\t<dt class='gallery-icon landscape'>\n\t\t\t\t<a href='https:\/\/naprawiacz.com.pl\/?attachment_id=381'><img loading=\"lazy\" decoding=\"async\" width=\"150\" height=\"150\" src=\"https:\/\/naprawiacz.com.pl\/wp-content\/uploads\/2015\/05\/a-150x150.jpg\" class=\"attachment-thumbnail size-thumbnail\" alt=\"\" aria-describedby=\"gallery-1-381\" \/><\/a>\n\t\t\t<\/dt>\n\t\t\t\t<dd class='wp-caption-text gallery-caption' id='gallery-1-381'>\n\t\t\t\tmonta\u017c kinkietu\n\t\t\t\t<\/dd><\/dl><dl class='gallery-item'>\n\t\t\t<dt class='gallery-icon landscape'>\n\t\t\t\t<a href='https:\/\/naprawiacz.com.pl\/?attachment_id=380'><img loading=\"lazy\" decoding=\"async\" width=\"150\" height=\"150\" src=\"https:\/\/naprawiacz.com.pl\/wp-content\/uploads\/2015\/05\/DSC014351-150x150.jpg\" class=\"attachment-thumbnail size-thumbnail\" alt=\"\" aria-describedby=\"gallery-1-380\" \/><\/a>\n\t\t\t<\/dt>\n\t\t\t\t<dd class='wp-caption-text gallery-caption' id='gallery-1-380'>\n\t\t\t\tnaprawa gniazdka prze\u0142\u0105cznika\n\t\t\t\t<\/dd><\/dl><br style=\"clear: both\" \/>\n\t\t<\/div>\n\n","protected":false},"excerpt":{"rendered":"<p>Przesuni\u0119cie gniazda elektrycznego rozpoczynamy od ustalenia miejsca instalacji nowego gniazda, zaznaczamy sobie punkt, a nast\u0119pnie wyznaczamy drog\u0119 u\u0142o\u017cenia przewodu elektrycznego zasilaj\u0105cego i sprawdzamy czy w miejscu u\u0142o\u017cenia przewodu\u00a0 jak i&hellip; <\/p>\n","protected":false},"author":2,"featured_media":0,"parent":363,"menu_order":0,"comment_status":"closed","ping_status":"closed","template":"","meta":{"footnotes":""},"class_list":["post-365","page","type-page","status-publish","hentry"],"aioseo_notices":[],"_links":{"self":[{"href":"https:\/\/naprawiacz.com.pl\/index.php?rest_route=\/wp\/v2\/pages\/365","targetHints":{"allow":["GET"]}}],"collection":[{"href":"https:\/\/naprawiacz.com.pl\/index.php?rest_route=\/wp\/v2\/pages"}],"about":[{"href":"https:\/\/naprawiacz.com.pl\/index.php?rest_route=\/wp\/v2\/types\/page"}],"author":[{"embeddable":true,"href":"https:\/\/naprawiacz.com.pl\/index.php?rest_route=\/wp\/v2\/users\/2"}],"replies":[{"embeddable":true,"href":"https:\/\/naprawiacz.com.pl\/index.php?rest_route=%2Fwp%2Fv2%2Fcomments&post=365"}],"version-history":[{"count":12,"href":"https:\/\/naprawiacz.com.pl\/index.php?rest_route=\/wp\/v2\/pages\/365\/revisions"}],"predecessor-version":[{"id":548,"href":"https:\/\/naprawiacz.com.pl\/index.php?rest_route=\/wp\/v2\/pages\/365\/revisions\/548"}],"up":[{"embeddable":true,"href":"https:\/\/naprawiacz.com.pl\/index.php?rest_route=\/wp\/v2\/pages\/363"}],"wp:attachment":[{"href":"https:\/\/naprawiacz.com.pl\/index.php?rest_route=%2Fwp%2Fv2%2Fmedia&parent=365"}],"curies":[{"name":"wp","href":"https:\/\/api.w.org\/{rel}","templated":true}]}}