{"id":363,"date":"2015-05-16T18:58:27","date_gmt":"2015-05-16T18:58:27","guid":{"rendered":"http:\/\/naprawiacz.com.pl\/?page_id=363"},"modified":"2025-05-28T06:16:15","modified_gmt":"2025-05-28T06:16:15","slug":"elektryczne","status":"publish","type":"page","link":"https:\/\/naprawiacz.com.pl\/?page_id=363","title":{"rendered":"Naprawa gniazdka elektrycznego"},"content":{"rendered":"<p>Naprawa gniazdka elektrycznego.<\/p>\n<p>Najcz\u0119stszymi usterkami gniazdka \u00a0elektrycznego to poluzowane styki wskutek czego gniazdko si\u0119 nagrzewa i topi. W konsekwencji obudowa gniazdka elektrycznego uszkadza si\u0119 i bezpiecznik wyskakuje pozbawiaj\u0105c nas o\u015bwietlenia w mieszkaniu.<\/p>\n<p>I w\u00f3wczas nale\u017cy naprawi\u0107 gniazdko elektryczne &#8211; po\u0142\u0105czenia elektryczne jak r\u00f3wnie\u017c wymieni\u0107 uszkodzone gniazdko elektryczne na nowe.<\/p>\n<div id=\"attachment_584\" style=\"width: 310px\" class=\"wp-caption aligncenter\"><a href=\"http:\/\/naprawiacz.com.pl\/wp-content\/uploads\/2015\/05\/IMG_20150702_132838.jpg\"><img loading=\"lazy\" decoding=\"async\" aria-describedby=\"caption-attachment-584\" class=\"wp-image-584 size-medium\" title=\"Naprawa gniazdka\" src=\"https:\/\/naprawiacz.com.pl\/wp-content\/uploads\/2015\/05\/IMG_20150702_132838-300x169.jpg\" alt=\"Naprawa gniazdka\" width=\"300\" height=\"169\" srcset=\"https:\/\/naprawiacz.com.pl\/wp-content\/uploads\/2015\/05\/IMG_20150702_132838-300x169.jpg 300w, https:\/\/naprawiacz.com.pl\/wp-content\/uploads\/2015\/05\/IMG_20150702_132838-1024x576.jpg 1024w, https:\/\/naprawiacz.com.pl\/wp-content\/uploads\/2015\/05\/IMG_20150702_132838.jpg 1200w\" sizes=\"auto, (max-width: 300px) 100vw, 300px\" \/><\/a><p id=\"caption-attachment-584\" class=\"wp-caption-text\">Naprawa gniazdka<\/p><\/div>\n<p>Gniazdko elektryczne powinno mie\u0107 bolec. To jest rodzaj zabezpieczenia kt\u00f3re powinno dzia\u0142a\u0107. Zapobiegnie to pora\u017ceniu pr\u0105dem elektrycznym. Naprawa gniazdka elektrycznego to pozornie \u0142atwa czynno\u015b\u0107. Nic mylnego. Jest to proste ale dla os\u00f3b posiadaj\u0105c\u0105 wiedz\u0119 elektryka, kt\u00f3ry potrafi wymieni\u0107 gniazdo elektryczne a przede wszystkim w\u0142a\u015bciwie pod\u0142\u0105czy\u0107 gniazdko elektryczne. Tak aby sobie i innym nie wyrz\u0105dzi\u0107 krzywdy.<\/p>\n<p>Je\u015b\u0142i masz problem z gniazdkiem, potrzebujesz naprawi\u0107 gniazdo elektryczne &#8211; dzwo\u0144 \u015bmia\u0142o. Mamy uprawnienia SEP i niezb\u0119dn\u0105 wiedz\u0119.<\/p>\n<p>&nbsp;<\/p>\n<p>&nbsp;<\/p>\n","protected":false},"excerpt":{"rendered":"<p>Naprawa gniazdka elektrycznego. Najcz\u0119stszymi usterkami gniazdka \u00a0elektrycznego to poluzowane styki wskutek czego gniazdko si\u0119 nagrzewa i topi. W konsekwencji obudowa gniazdka elektrycznego uszkadza si\u0119 i bezpiecznik wyskakuje pozbawiaj\u0105c nas o\u015bwietlenia&hellip; <\/p>\n","protected":false},"author":2,"featured_media":0,"parent":194,"menu_order":0,"comment_status":"closed","ping_status":"closed","template":"","meta":{"footnotes":""},"class_list":["post-363","page","type-page","status-publish","hentry"],"aioseo_notices":[],"_links":{"self":[{"href":"https:\/\/naprawiacz.com.pl\/index.php?rest_route=\/wp\/v2\/pages\/363","targetHints":{"allow":["GET"]}}],"collection":[{"href":"https:\/\/naprawiacz.com.pl\/index.php?rest_route=\/wp\/v2\/pages"}],"about":[{"href":"https:\/\/naprawiacz.com.pl\/index.php?rest_route=\/wp\/v2\/types\/page"}],"author":[{"embeddable":true,"href":"https:\/\/naprawiacz.com.pl\/index.php?rest_route=\/wp\/v2\/users\/2"}],"replies":[{"embeddable":true,"href":"https:\/\/naprawiacz.com.pl\/index.php?rest_route=%2Fwp%2Fv2%2Fcomments&post=363"}],"version-history":[{"count":11,"href":"https:\/\/naprawiacz.com.pl\/index.php?rest_route=\/wp\/v2\/pages\/363\/revisions"}],"predecessor-version":[{"id":898,"href":"https:\/\/naprawiacz.com.pl\/index.php?rest_route=\/wp\/v2\/pages\/363\/revisions\/898"}],"up":[{"embeddable":true,"href":"https:\/\/naprawiacz.com.pl\/index.php?rest_route=\/wp\/v2\/pages\/194"}],"wp:attachment":[{"href":"https:\/\/naprawiacz.com.pl\/index.php?rest_route=%2Fwp%2Fv2%2Fmedia&parent=363"}],"curies":[{"name":"wp","href":"https:\/\/api.w.org\/{rel}","templated":true}]}}