{"id":317,"date":"2015-05-16T08:23:19","date_gmt":"2015-05-16T08:23:19","guid":{"rendered":"http:\/\/naprawiacz.com.pl\/?page_id=317"},"modified":"2016-03-16T19:51:16","modified_gmt":"2016-03-16T19:51:16","slug":"wanna-uszczelnienie-wymiana-silikonow","status":"publish","type":"page","link":"https:\/\/naprawiacz.com.pl\/?page_id=317","title":{"rendered":"Wanna uszczelnienie wymiana silikon\u00f3w"},"content":{"rendered":"<p>Oczyszczenie wanny, uszczelnienie, wymiana silikon\u00f3w.<\/p>\n<p>&nbsp;<\/p>\n<p>Kolejna porada Naprawiacza z zakresu us\u0142ug hydraulicznych. Tym razem kilka uwag i porad: Oczyszczenie wanny z ple\u015bni i grzyb\u00f3w, wymiana silikon\u00f3w.<br \/>\nWychodz\u0105c naprzeciw Pa\u0144stwa zapotrzebowaniom kilka porad Hydraulika. Zaczniemy od wanny. Mo\u017cliwe przecieki czy wycieki wody z wanny to:<\/p>\n<p>a nieszczelne silikony, stosowanie listew maskuj\u0105cych na wannie,<\/p>\n<p>b. problem z syfonem &#8211; odp\u0142yw<\/p>\n<p>c. problem z dop\u0142ywem wody do baterii<\/p>\n<p>d. b\u0142\u0119dy monta\u017cowe przy doprowadzeniu wody do baterii.<\/p>\n<p>Nieszczelna wanna, przeciekaj\u0105ce silikony, listwy ozdobne na wannie to niestety cz\u0119sty b\u0142\u0105d inwestor\u00f3w. Kt\u00f3rzy pozwalaj\u0105 na naklejanie takich listw ozdobnych kt\u00f3re na pocz\u0105tku mo\u017ce i \u0142adnie wygl\u0105daj\u0105 ale z up\u0142ywem czasu maskuj\u0105 wszelkie nieszczelno\u015bci i b\u0142\u0119dy monta\u017cowe przy monta\u017cu wanny.<br \/>\nCz\u0119sto wykonawcy kt\u00f3rzy dokonuj\u0105 zabudowy wanny namawiaj\u0105 inwestor\u00f3w na listwy ozdobne, kt\u00f3re \u0142adnie wygl\u0105daj\u0105, \u0142adnie\u00a0wyka\u0144czaj\u0105 wann\u0119 i ukrywaj\u0105 krzywizny p\u0142ytek czy \u015bcian ale:<\/p>\n<div id=\"attachment_319\" style=\"width: 310px\" class=\"wp-caption aligncenter\"><a href=\"http:\/\/naprawiacz.com.pl\/wp-content\/uploads\/2015\/05\/DSC07894.jpg\"><img loading=\"lazy\" decoding=\"async\" aria-describedby=\"caption-attachment-319\" class=\"size-medium wp-image-319\" src=\"http:\/\/naprawiacz.com.pl\/wp-content\/uploads\/2015\/05\/DSC07894-300x206.jpg\" alt=\"wymiana wanny\" width=\"300\" height=\"206\" srcset=\"https:\/\/naprawiacz.com.pl\/wp-content\/uploads\/2015\/05\/DSC07894-300x206.jpg 300w, https:\/\/naprawiacz.com.pl\/wp-content\/uploads\/2015\/05\/DSC07894.jpg 1024w\" sizes=\"auto, (max-width: 300px) 100vw, 300px\" \/><\/a><p id=\"caption-attachment-319\" class=\"wp-caption-text\">uszczelnienie wanny<\/p><\/div>\n<h5 style=\"text-align: center;\">Rys.1 HYDRAULIK Warszawa, listwy maskuj\u0105ce pogl\u0105dowo, a w nich \u2026.,<\/h5>\n<p>Listwy maskuj\u0105ce stosowane na wannie czy inne elementy upi\u0119kszaj\u0105ce sprzyjaj\u0105 rozwojowi ple\u015bni i grzyb\u00f3w oraz innych bakterii kt\u00f3re maj\u0105c \u017ar\u00f3d\u0142o wilgoci (listw\u0119 ozdobn\u0105) rozwijaj\u0105 si\u0119 poszerzaj\u0105c swoje terytorium o fugi, lub pojawiaj\u0105 si\u0119 wykwity na \u015bcianach w s\u0105siednim pokoju lub u s\u0105siada.<\/p>\n<div id=\"attachment_326\" style=\"width: 210px\" class=\"wp-caption aligncenter\"><a href=\"http:\/\/naprawiacz.com.pl\/wp-content\/uploads\/2015\/05\/DSC01309.jpg\"><img loading=\"lazy\" decoding=\"async\" aria-describedby=\"caption-attachment-326\" class=\"size-medium wp-image-326\" src=\"http:\/\/naprawiacz.com.pl\/wp-content\/uploads\/2015\/05\/DSC01309-200x300.jpg\" alt=\"wymiana silikon\u00f3w\" width=\"200\" height=\"300\" srcset=\"https:\/\/naprawiacz.com.pl\/wp-content\/uploads\/2015\/05\/DSC01309-200x300.jpg 200w, https:\/\/naprawiacz.com.pl\/wp-content\/uploads\/2015\/05\/DSC01309.jpg 682w\" sizes=\"auto, (max-width: 200px) 100vw, 200px\" \/><\/a><p id=\"caption-attachment-326\" class=\"wp-caption-text\">uszczelnienie wanny<\/p><\/div>\n<h5 style=\"text-align: center;\">Rys. 2. Pogl\u0105dowo zaciek na \u015bcianie, nieszczelne silikony, stosowano listwy ozdobne.<\/h5>\n<div id=\"attachment_327\" style=\"width: 310px\" class=\"wp-caption aligncenter\"><a href=\"http:\/\/naprawiacz.com.pl\/wp-content\/uploads\/2015\/05\/23.jpg\"><img loading=\"lazy\" decoding=\"async\" aria-describedby=\"caption-attachment-327\" class=\"size-medium wp-image-327\" src=\"http:\/\/naprawiacz.com.pl\/wp-content\/uploads\/2015\/05\/23-300x200.jpg\" alt=\"hydraulik Warszawa\" width=\"300\" height=\"200\" srcset=\"https:\/\/naprawiacz.com.pl\/wp-content\/uploads\/2015\/05\/23-300x200.jpg 300w, https:\/\/naprawiacz.com.pl\/wp-content\/uploads\/2015\/05\/23.jpg 500w\" sizes=\"auto, (max-width: 300px) 100vw, 300px\" \/><\/a><p id=\"caption-attachment-327\" class=\"wp-caption-text\">uszczelnienie wanny<\/p><\/div>\n<p>&nbsp;<\/p>\n<h5 style=\"text-align: center;\">Rys.3. \u00a0Hydraulik Tarchomin Warszawa, pogl\u0105dowo wanna z wykwitami, silikon po\u0142o\u017cony niew\u0142a\u015bciwie \u2013 rozw\u00f3j ple\u015bni i grzyb\u00f3w<\/h5>\n<p>Czasami bywa tak \u017ce nie ma listew ozdobnych a silikony s\u0105 czarne, pojawiaj\u0105 si\u0119 ogniska czarnych i brudnych nalot\u00f3w. Z regu\u0142y lekcewa\u017cymy to i w\u00f3wczas czarne plamy pojawiaj\u0105 si\u0119 na fugach (mi\u0119dzy p\u0142ytkami). Jest to najwy\u017cszy czas aby zerwa\u0107 stare listwy ozdobne (je\u015bli s\u0105). Usun\u0105\u0107\u00a0stare silikony i po\u0142o\u017cy\u0107 nowe.\u00a0Nale\u017cy r\u00f3wnie\u017c pami\u0119ta\u0107 aby tak\u0105 wann\u0119 czy brodzik umy\u0107 chemi\u0105 zdezynfekowa\u0107, umy\u0107 chemi\u0105 i nast\u0119pnie po\u0142o\u017cy\u0107 odpowiedni silikon. Zaniedbanie tych czynno\u015bci mo\u017ce spowodowa\u0107 i\u017c wymiana silikon\u00f3w na wannie b\u0119dzie nie trwa\u0142a.\u00a0Prace te nale\u017cy zleci\u0107 do\u015bwiadczonemu hydraulikowi, dobry hydraulik to taki hydraulik kt\u00f3ry wykona swoje zadanie tak aby Pa\u0144stwo byli\u00a0zadowoleni a wanna przez d\u0142ugie lata l\u015bni\u0142a biel\u0105. A wymienione silikony na wannie by\u0142y szczelne i bia\u0142e.<\/p>\n<div id=\"attachment_329\" style=\"width: 310px\" class=\"wp-caption aligncenter\"><a href=\"http:\/\/naprawiacz.com.pl\/wp-content\/uploads\/2015\/05\/33.jpg\"><img loading=\"lazy\" decoding=\"async\" aria-describedby=\"caption-attachment-329\" class=\"size-medium wp-image-329\" src=\"http:\/\/naprawiacz.com.pl\/wp-content\/uploads\/2015\/05\/33-300x200.jpg\" alt=\"wymiana wanny brodzika hydraulik\" width=\"300\" height=\"200\" srcset=\"https:\/\/naprawiacz.com.pl\/wp-content\/uploads\/2015\/05\/33-300x200.jpg 300w, https:\/\/naprawiacz.com.pl\/wp-content\/uploads\/2015\/05\/33.jpg 500w\" sizes=\"auto, (max-width: 300px) 100vw, 300px\" \/><\/a><p id=\"caption-attachment-329\" class=\"wp-caption-text\">wymiana wanny brodzika monta\u017c<\/p><\/div>\n<h5 style=\"text-align: center;\">Rys 4. Hydraulik Warszawa Tarchomin, pogl\u0105dowo wanna po zerwaniu starych listew, dezynfekcji i z nowym silikonem<\/h5>\n<h5 style=\"text-align: center;\"><\/h5>\n<div id=\"attachment_330\" style=\"width: 310px\" class=\"wp-caption aligncenter\"><a href=\"http:\/\/naprawiacz.com.pl\/wp-content\/uploads\/2015\/05\/43.jpg\"><img loading=\"lazy\" decoding=\"async\" aria-describedby=\"caption-attachment-330\" class=\"size-medium wp-image-330\" src=\"http:\/\/naprawiacz.com.pl\/wp-content\/uploads\/2015\/05\/43-300x200.jpg\" alt=\"wymiana wanny brodzika hydraulik\" width=\"300\" height=\"200\" srcset=\"https:\/\/naprawiacz.com.pl\/wp-content\/uploads\/2015\/05\/43-300x200.jpg 300w, https:\/\/naprawiacz.com.pl\/wp-content\/uploads\/2015\/05\/43.jpg 500w\" sizes=\"auto, (max-width: 300px) 100vw, 300px\" \/><\/a><p id=\"caption-attachment-330\" class=\"wp-caption-text\">wymiana wanny brodzika monta\u017c<\/p><\/div>\n<h5 style=\"text-align: center;\"><\/h5>\n<h5 style=\"text-align: center;\">Rys. 5. Hydraulik \u00a0Warszawa Bia\u0142o\u0142\u0119ka Ursyn\u00f3w Wilan\u00f3w, pogl\u0105dowo wanna po zabiegu wymiany silikonu.<\/h5>\n<h5 style=\"text-align: center;\"><\/h5>\n<div id=\"attachment_332\" style=\"width: 310px\" class=\"wp-caption aligncenter\"><a href=\"http:\/\/naprawiacz.com.pl\/wp-content\/uploads\/2015\/05\/DSC08490.jpg\"><img loading=\"lazy\" decoding=\"async\" aria-describedby=\"caption-attachment-332\" class=\"size-medium wp-image-332\" src=\"http:\/\/naprawiacz.com.pl\/wp-content\/uploads\/2015\/05\/DSC08490-300x200.jpg\" alt=\"hydraulik warszawa Mokot\u00f3w Wilan\u00f3w Ursyn\u00f3w Bielany\" width=\"300\" height=\"200\" srcset=\"https:\/\/naprawiacz.com.pl\/wp-content\/uploads\/2015\/05\/DSC08490-300x200.jpg 300w, https:\/\/naprawiacz.com.pl\/wp-content\/uploads\/2015\/05\/DSC08490.jpg 1024w\" sizes=\"auto, (max-width: 300px) 100vw, 300px\" \/><\/a><p id=\"caption-attachment-332\" class=\"wp-caption-text\">wymiana silikonu na wannie<\/p><\/div>\n<h5 style=\"text-align: center;\"><\/h5>\n<p style=\"text-align: center;\">Rys. 6. Hydraulik Warszawa Tarchomin, pogl\u0105dowo brodzik po oczyszczeniu<\/p>\n<p style=\"text-align: justify;\">Po wymianie silikon\u00f3w na wannie musimy pozostawi\u0107 wann\u0119 na 12 godzin aby silikon si\u0119 utwardzi\u0142 i mo\u017cemy \u015bmia\u0142o eksploatowa\u0107 nasz\u0105 wann\u0119. Obserwuj\u0105c czy silikony na wannie nie odspoi\u0142y si\u0119 od p\u0142aszczyzny \u015bciany czy rogu wanny.<\/p>\n<p style=\"text-align: justify;\">Zabieg usuwania ple\u015bni i grzyb\u00f3w z wanny czy brodzika nie jest prostym zabiegiem. Samo wyci\u0119cie starego silikonu i w\u0142o\u017cenie nowego nie pomo\u017ce. Ple\u015bnie i grzyby powr\u00f3c\u0105 za miesi\u0105c czy dwa. Tylko fachowa wiedza i umiej\u0119tno\u015bci nabyte pozwol\u0105 na fachowe zabezpieczenie Pa\u0144stwa wanny czy brodzika. Nale\u017cy tu wspomnie\u0107 i\u017c Naprawiacz u\u017cywa do wymiany silikonu na wannie specjalistycznej chemii, kt\u00f3ra pozwala na profesjonalne usuni\u0119cie zar\u00f3wno ple\u015bni jak i grzyb\u00f3w, wszelkich zabrudze\u0144 na \u015bcianie oraz w wannie. Czynimy to za pomoc\u0105 dost\u0119pnych \u015brodk\u00f3w chemicznych, kt\u00f3re nie s\u0105 tanie, st\u0105d i cena wykonania wymiany silikon\u00f3w na wannie\u00a0jak\u0105 dobry hydraulik \u017c\u0105da za wykonan\u0105 us\u0142ug\u0119.<\/p>\n<p style=\"text-align: justify;\">Na us\u0142ug\u0119 wymiany silikon\u00f3w na wannie udzielamy 12 miesi\u0119cznej gwarancji. W przypadku odspojenia si\u0119 sylikonu od wanny czy \u015bciany Naprawiacz bezp\u0142atnie w ramach gwarancji poprawi us\u0142ug\u0119.<\/p>\n\n\t\t<style type=\"text\/css\">\n\t\t\t#gallery-1 {\n\t\t\t\tmargin: auto;\n\t\t\t}\n\t\t\t#gallery-1 .gallery-item {\n\t\t\t\tfloat: left;\n\t\t\t\tmargin-top: 10px;\n\t\t\t\ttext-align: center;\n\t\t\t\twidth: 33%;\n\t\t\t}\n\t\t\t#gallery-1 img {\n\t\t\t\tborder: 2px solid #cfcfcf;\n\t\t\t}\n\t\t\t#gallery-1 .gallery-caption {\n\t\t\t\tmargin-left: 0;\n\t\t\t}\n\t\t\t\/* see gallery_shortcode() in wp-includes\/media.php *\/\n\t\t<\/style>\n\t\t<div id='gallery-1' class='gallery galleryid-317 gallery-columns-3 gallery-size-thumbnail'><dl class='gallery-item'>\n\t\t\t<dt class='gallery-icon landscape'>\n\t\t\t\t<a href='https:\/\/naprawiacz.com.pl\/?attachment_id=334'><img loading=\"lazy\" decoding=\"async\" width=\"150\" height=\"150\" src=\"https:\/\/naprawiacz.com.pl\/wp-content\/uploads\/2015\/05\/DSC08427-150x150.jpg\" class=\"attachment-thumbnail size-thumbnail\" alt=\"\" aria-describedby=\"gallery-1-334\" \/><\/a>\n\t\t\t<\/dt>\n\t\t\t\t<dd class='wp-caption-text gallery-caption' id='gallery-1-334'>\n\t\t\t\twymiana silikon\u00f3w\n\t\t\t\t<\/dd><\/dl><dl class='gallery-item'>\n\t\t\t<dt class='gallery-icon landscape'>\n\t\t\t\t<a href='https:\/\/naprawiacz.com.pl\/?attachment_id=335'><img loading=\"lazy\" decoding=\"async\" width=\"150\" height=\"150\" src=\"https:\/\/naprawiacz.com.pl\/wp-content\/uploads\/2015\/05\/DSC08482-150x150.jpg\" class=\"attachment-thumbnail size-thumbnail\" alt=\"\" aria-describedby=\"gallery-1-335\" \/><\/a>\n\t\t\t<\/dt>\n\t\t\t\t<dd class='wp-caption-text gallery-caption' id='gallery-1-335'>\n\t\t\t\toczyszczenie wanny\n\t\t\t\t<\/dd><\/dl><dl class='gallery-item'>\n\t\t\t<dt class='gallery-icon landscape'>\n\t\t\t\t<a href='https:\/\/naprawiacz.com.pl\/?attachment_id=336'><img loading=\"lazy\" decoding=\"async\" width=\"150\" height=\"150\" src=\"https:\/\/naprawiacz.com.pl\/wp-content\/uploads\/2015\/05\/DSC08483-150x150.jpg\" class=\"attachment-thumbnail size-thumbnail\" alt=\"\" aria-describedby=\"gallery-1-336\" \/><\/a>\n\t\t\t<\/dt>\n\t\t\t\t<dd class='wp-caption-text gallery-caption' id='gallery-1-336'>\n\t\t\t\tuszczelnienie wanny\n\t\t\t\t<\/dd><\/dl><br style=\"clear: both\" \/>\n\t\t<\/div>\n\n<p>&nbsp;<\/p>\n<p>B. Uszczelnienie odp\u0142ywu wanny, wymiana monta\u017c uszczelnienie syfonu wanny.<\/p>\n<p>Kolejnym s\u0142abym punktem naszej wanny jest jej odp\u0142yw czyli syfon. Syfon jest tak skonstruowany aby odprowadza\u0142 wod\u0119 z wanny do kanalizacji. Ma r\u00f3wnie\u017c zapobiega\u0107 powrotowi wody brudnej jak i nieprzyjemnych zapach\u00f3w z kanalizacji przez nasz\u0105 wann\u0119 do mieszkania.<\/p>\n<p>Najcz\u0119\u015bciej nasza wanna jest zabudowana p\u0142ytkami glazur\u0105 tak aby \u0142adnie wygl\u0105da\u0142a w naszej \u0142azience. W tej zabudowie powinna by\u0107 wykonana tzw. rewizja. Czyli drzwiczki przez kt\u00f3re mo\u017cemy \u00a0zajrze\u0107 pod wann\u0119 \u00a0aby sprawdzi\u0107 szczelno\u015b\u0107 naszego syfonu.<\/p>\n<div id=\"attachment_340\" style=\"width: 310px\" class=\"wp-caption aligncenter\"><a href=\"http:\/\/naprawiacz.com.pl\/wp-content\/uploads\/2015\/05\/IMG_20131129_163447.jpg\"><img loading=\"lazy\" decoding=\"async\" aria-describedby=\"caption-attachment-340\" class=\"size-medium wp-image-340\" src=\"http:\/\/naprawiacz.com.pl\/wp-content\/uploads\/2015\/05\/IMG_20131129_163447-300x225.jpg\" alt=\"hydraulik wymiana syfonu\" width=\"300\" height=\"225\" srcset=\"https:\/\/naprawiacz.com.pl\/wp-content\/uploads\/2015\/05\/IMG_20131129_163447-300x225.jpg 300w, https:\/\/naprawiacz.com.pl\/wp-content\/uploads\/2015\/05\/IMG_20131129_163447.jpg 1024w\" sizes=\"auto, (max-width: 300px) 100vw, 300px\" \/><\/a><p id=\"caption-attachment-340\" class=\"wp-caption-text\">drzwiczki rewizyjne wanny<\/p><\/div>\n<p>Je\u015bli takich nie ma, a nasza wanna jest zabudowana to w\u00f3wczas musimy zrobi\u0107 takie drzwi rewizyjne b\u0105d\u017a wyci\u0105\u0107 i przyklei\u0107 p\u0142ytk\u0119.<\/p>\n<div id=\"attachment_341\" style=\"width: 310px\" class=\"wp-caption aligncenter\"><a href=\"http:\/\/naprawiacz.com.pl\/wp-content\/uploads\/2015\/05\/IMG_20140924_091957.jpg\"><img loading=\"lazy\" decoding=\"async\" aria-describedby=\"caption-attachment-341\" class=\"size-medium wp-image-341\" src=\"http:\/\/naprawiacz.com.pl\/wp-content\/uploads\/2015\/05\/IMG_20140924_091957-300x169.jpg\" alt=\"uszczelnienie wanny\" width=\"300\" height=\"169\" srcset=\"https:\/\/naprawiacz.com.pl\/wp-content\/uploads\/2015\/05\/IMG_20140924_091957-300x169.jpg 300w, https:\/\/naprawiacz.com.pl\/wp-content\/uploads\/2015\/05\/IMG_20140924_091957.jpg 1024w\" sizes=\"auto, (max-width: 300px) 100vw, 300px\" \/><\/a><p id=\"caption-attachment-341\" class=\"wp-caption-text\">wymiana syfonu hydraulik<\/p><\/div>\n<p>Otw\u00f3r w glazurze wycinamy specjaln\u0105 maszyn\u0105 pod nazw\u0105 Makita. Jak wytniemy otw\u00f3r to w\u00f3wczas pod wann\u0105 mamy nasz syfon. Je\u015bli przecieka to uszczelniamy lub wymieniamy na nowy. Dobre na rynku s\u0105 syfony z korkiem automatycznym firmy Viega. Kosztuj\u0105 ok. 100 z\u0142 ale s\u0105 trwa\u0142e i godne polecenia.<\/p>\n<p>&nbsp;<\/p>\n<p>C. Problem z doprowadzeniem wody do baterii<\/p>\n<p>W tym przypadku mamy do czynienie zazwyczaj z w\u0119\u017cykami w oplocie stalowym kt\u00f3re raz na 5 \u00a0lat p\u0119kaj\u0105 i powoduje zalewanie naszego mieszkania.\u00a0 Jak si\u0119 zabezpieczy\u0107 &#8211; nale\u017cy wymieni\u0107 na w\u0119\u017ce ci\u015bnieniowe &#8211; stalowe kt\u00f3re nie p\u0119kn\u0105.<\/p>\n<p>D. Kolejnym przyk\u0142adem s\u0105 b\u0142\u0119dy w doprowadzeniu wody a nawet rozprowadzeniu wody w mieszkaniu czy domu. Pami\u0119tajmy o jednym, nie stosujmy system\u00f3w rozprowadzania wody:<\/p>\n<ul>\n<li>skr\u0119canych : pex skr\u0119cany na nakr\u0119tkach.<\/li>\n<li>zgrzewanych<\/li>\n<li>\u00a0sklejanych<\/li>\n<\/ul>\n<p>w pod\u0142ogach pod wylewkami czy w \u015bcianach otynkowanych. Te systemy s\u0105 bardzo wra\u017cliwe na \u015bciskanie, skr\u0119canie i inne napr\u0119\u017cenia mechaniczne i potrafi\u0105 si\u0119 rozszczelni\u0107 a w tedy ca\u0142e nasze mieszkanie b\u0119dzie zalane i naszych s\u0105siad\u00f3w.<\/p>\n\n\t\t<style type=\"text\/css\">\n\t\t\t#gallery-2 {\n\t\t\t\tmargin: auto;\n\t\t\t}\n\t\t\t#gallery-2 .gallery-item {\n\t\t\t\tfloat: left;\n\t\t\t\tmargin-top: 10px;\n\t\t\t\ttext-align: center;\n\t\t\t\twidth: 33%;\n\t\t\t}\n\t\t\t#gallery-2 img {\n\t\t\t\tborder: 2px solid #cfcfcf;\n\t\t\t}\n\t\t\t#gallery-2 .gallery-caption {\n\t\t\t\tmargin-left: 0;\n\t\t\t}\n\t\t\t\/* see gallery_shortcode() in wp-includes\/media.php *\/\n\t\t<\/style>\n\t\t<div id='gallery-2' class='gallery galleryid-317 gallery-columns-3 gallery-size-thumbnail'><dl class='gallery-item'>\n\t\t\t<dt class='gallery-icon landscape'>\n\t\t\t\t<a href='https:\/\/naprawiacz.com.pl\/?attachment_id=344'><img loading=\"lazy\" decoding=\"async\" width=\"150\" height=\"150\" src=\"https:\/\/naprawiacz.com.pl\/wp-content\/uploads\/2015\/05\/DSC01323-150x150.jpg\" class=\"attachment-thumbnail size-thumbnail\" alt=\"\" aria-describedby=\"gallery-2-344\" \/><\/a>\n\t\t\t<\/dt>\n\t\t\t\t<dd class='wp-caption-text gallery-caption' id='gallery-2-344'>\n\t\t\t\tzalana \u015bciana wskutek przecieku\n\t\t\t\t<\/dd><\/dl><dl class='gallery-item'>\n\t\t\t<dt class='gallery-icon portrait'>\n\t\t\t\t<a href='https:\/\/naprawiacz.com.pl\/?attachment_id=345'><img loading=\"lazy\" decoding=\"async\" width=\"150\" height=\"150\" src=\"https:\/\/naprawiacz.com.pl\/wp-content\/uploads\/2015\/05\/DSC01800-150x150.jpg\" class=\"attachment-thumbnail size-thumbnail\" alt=\"\" aria-describedby=\"gallery-2-345\" \/><\/a>\n\t\t\t<\/dt>\n\t\t\t\t<dd class='wp-caption-text gallery-caption' id='gallery-2-345'>\n\t\t\t\tzalane pi\u0119tro domu rury zgrzewane\n\t\t\t\t<\/dd><\/dl><dl class='gallery-item'>\n\t\t\t<dt class='gallery-icon landscape'>\n\t\t\t\t<a href='https:\/\/naprawiacz.com.pl\/?attachment_id=346'><img loading=\"lazy\" decoding=\"async\" width=\"150\" height=\"150\" src=\"https:\/\/naprawiacz.com.pl\/wp-content\/uploads\/2015\/05\/DSC01802-150x150.jpg\" class=\"attachment-thumbnail size-thumbnail\" alt=\"\" aria-describedby=\"gallery-2-346\" \/><\/a>\n\t\t\t<\/dt>\n\t\t\t\t<dd class='wp-caption-text gallery-caption' id='gallery-2-346'>\n\t\t\t\tmokre \u015bciany po zalaniu\n\t\t\t\t<\/dd><\/dl><br style=\"clear: both\" \/><dl class='gallery-item'>\n\t\t\t<dt class='gallery-icon landscape'>\n\t\t\t\t<a href='https:\/\/naprawiacz.com.pl\/?attachment_id=347'><img loading=\"lazy\" decoding=\"async\" width=\"150\" height=\"150\" src=\"https:\/\/naprawiacz.com.pl\/wp-content\/uploads\/2015\/05\/DSC01803-150x150.jpg\" class=\"attachment-thumbnail size-thumbnail\" alt=\"\" aria-describedby=\"gallery-2-347\" \/><\/a>\n\t\t\t<\/dt>\n\t\t\t\t<dd class='wp-caption-text gallery-caption' id='gallery-2-347'>\n\t\t\t\tzgrzewanie rur b\u0142\u0119dy \n\t\t\t\t<\/dd><\/dl><dl class='gallery-item'>\n\t\t\t<dt class='gallery-icon landscape'>\n\t\t\t\t<a href='https:\/\/naprawiacz.com.pl\/?attachment_id=348'><img loading=\"lazy\" decoding=\"async\" width=\"150\" height=\"150\" src=\"https:\/\/naprawiacz.com.pl\/wp-content\/uploads\/2015\/05\/DSC01804-150x150.jpg\" class=\"attachment-thumbnail size-thumbnail\" alt=\"\" aria-describedby=\"gallery-2-348\" \/><\/a>\n\t\t\t<\/dt>\n\t\t\t\t<dd class='wp-caption-text gallery-caption' id='gallery-2-348'>\n\t\t\t\tb\u0142\u0119dnie u\u0142o\u017cona kanalizacja\n\t\t\t\t<\/dd><\/dl><dl class='gallery-item'>\n\t\t\t<dt class='gallery-icon landscape'>\n\t\t\t\t<a href='https:\/\/naprawiacz.com.pl\/?attachment_id=349'><img loading=\"lazy\" decoding=\"async\" width=\"150\" height=\"150\" src=\"https:\/\/naprawiacz.com.pl\/wp-content\/uploads\/2015\/05\/DSC01805-150x150.jpg\" class=\"attachment-thumbnail size-thumbnail\" alt=\"\" aria-describedby=\"gallery-2-349\" \/><\/a>\n\t\t\t<\/dt>\n\t\t\t\t<dd class='wp-caption-text gallery-caption' id='gallery-2-349'>\n\t\t\t\tb\u0142\u0105d pl\u0105tanina rur\n\t\t\t\t<\/dd><\/dl><br style=\"clear: both\" \/>\n\t\t<\/div>\n\n","protected":false},"excerpt":{"rendered":"<p>Oczyszczenie wanny, uszczelnienie, wymiana silikon\u00f3w. &nbsp; Kolejna porada Naprawiacza z zakresu us\u0142ug hydraulicznych. Tym razem kilka uwag i porad: Oczyszczenie wanny z ple\u015bni i grzyb\u00f3w, wymiana silikon\u00f3w. Wychodz\u0105c naprzeciw Pa\u0144stwa&hellip; <\/p>\n","protected":false},"author":2,"featured_media":0,"parent":31,"menu_order":5,"comment_status":"closed","ping_status":"closed","template":"","meta":{"footnotes":""},"class_list":["post-317","page","type-page","status-publish","hentry"],"aioseo_notices":[],"_links":{"self":[{"href":"https:\/\/naprawiacz.com.pl\/index.php?rest_route=\/wp\/v2\/pages\/317","targetHints":{"allow":["GET"]}}],"collection":[{"href":"https:\/\/naprawiacz.com.pl\/index.php?rest_route=\/wp\/v2\/pages"}],"about":[{"href":"https:\/\/naprawiacz.com.pl\/index.php?rest_route=\/wp\/v2\/types\/page"}],"author":[{"embeddable":true,"href":"https:\/\/naprawiacz.com.pl\/index.php?rest_route=\/wp\/v2\/users\/2"}],"replies":[{"embeddable":true,"href":"https:\/\/naprawiacz.com.pl\/index.php?rest_route=%2Fwp%2Fv2%2Fcomments&post=317"}],"version-history":[{"count":12,"href":"https:\/\/naprawiacz.com.pl\/index.php?rest_route=\/wp\/v2\/pages\/317\/revisions"}],"predecessor-version":[{"id":320,"href":"https:\/\/naprawiacz.com.pl\/index.php?rest_route=\/wp\/v2\/pages\/317\/revisions\/320"}],"up":[{"embeddable":true,"href":"https:\/\/naprawiacz.com.pl\/index.php?rest_route=\/wp\/v2\/pages\/31"}],"wp:attachment":[{"href":"https:\/\/naprawiacz.com.pl\/index.php?rest_route=%2Fwp%2Fv2%2Fmedia&parent=317"}],"curies":[{"name":"wp","href":"https:\/\/api.w.org\/{rel}","templated":true}]}}