{"id":23,"date":"2015-05-08T11:44:47","date_gmt":"2015-05-08T11:44:47","guid":{"rendered":"http:\/\/naprawiacz.com.pl\/?page_id=23"},"modified":"2015-06-10T18:57:52","modified_gmt":"2015-06-10T18:57:52","slug":"naprawa-szafy-przesuwnej","status":"publish","type":"page","link":"https:\/\/naprawiacz.com.pl\/?page_id=23","title":{"rendered":"Szafy stare systemy"},"content":{"rendered":"<p style=\"text-align: center;\">Naprawa szaf przesuwnych suwanych wn\u0119kowych.<\/p>\n<p style=\"text-align: center;\">Systemy do kt\u00f3rych nie ma cz\u0119\u015bci zamiennych,<\/p>\n<p style=\"text-align: center;\">Konieczna wymiana toru dolnego i w\u00f3zk\u00f3w dolnych.<\/p>\n<p>\u00a0\u00a0\u00a0\u00a0\u00a0\u00a0\u00a0\u00a0\u00a0 W przypadku stwierdzenia podobnych w\u00f3zk\u00f3w w Pa\u0144stwa systemach przesuwnych nie ma mo\u017cliwo\u015bci naprawy w\u00f3zk\u00f3w przez ich wymian\u0119 \u2013 brak dost\u0119pno\u015bci cz\u0119\u015bci zamiennych.<\/p>\n<p>W tych przypadkach Naprawiacz proponuje wymian\u0119 na nowy tor dolny oraz wymian\u0119 wszystkich w\u00f3zk\u00f3w dolnych na nowe.\u00a0 Oczywi\u015bcie jest to uzale\u017cnione od wielu czynnik\u00f3w do ustalenia w p\u00f3\u017aniejszym terminie.<\/p>\n<p><img loading=\"lazy\" decoding=\"async\" class=\"aligncenter wp-image-36 \" src=\"http:\/\/naprawiacz.com.pl\/wp-content\/uploads\/2015\/05\/1-225x300.jpg\" alt=\"wymiana k\u00f3\u0142eczka Laguna\" width=\"302\" height=\"403\" srcset=\"https:\/\/naprawiacz.com.pl\/wp-content\/uploads\/2015\/05\/1-225x300.jpg 225w, https:\/\/naprawiacz.com.pl\/wp-content\/uploads\/2015\/05\/1.jpg 768w, https:\/\/naprawiacz.com.pl\/wp-content\/uploads\/2015\/05\/1-113x150.jpg 113w\" sizes=\"auto, (max-width: 302px) 100vw, 302px\" \/><\/p>\n<p style=\"text-align: center;\">Rys. 1 . Pogl\u0105dowo uszkodzony w\u00f3zek w ramie. W\u00f3zek jest przymocowany do ramy szafy na sta\u0142e.<\/p>\n<p style=\"text-align: center;\">Naprawa szaf przesuwnych. K\u00f3\u0142ko rolki jest bia\u0142e wkl\u0119s\u0142e. Stosowane w drzwiach przesuwnych z lustrem lub p\u0142yt\u0105. <a href=\"http:\/\/naprawiacz.com.pl\/wp-content\/uploads\/2015\/05\/2.jpg\"><img loading=\"lazy\" decoding=\"async\" class=\"aligncenter wp-image-46 \" src=\"http:\/\/naprawiacz.com.pl\/wp-content\/uploads\/2015\/05\/2-300x258.jpg\" alt=\"2\" width=\"302\" height=\"260\" srcset=\"https:\/\/naprawiacz.com.pl\/wp-content\/uploads\/2015\/05\/2-300x258.jpg 300w, https:\/\/naprawiacz.com.pl\/wp-content\/uploads\/2015\/05\/2.jpg 1024w, https:\/\/naprawiacz.com.pl\/wp-content\/uploads\/2015\/05\/2-150x129.jpg 150w\" sizes=\"auto, (max-width: 302px) 100vw, 302px\" \/><\/a><\/p>\n<p style=\"text-align: center;\">Rys.2. W\u00f3zek wyj\u0119ty z profilu szafy drzwi przesuwnych. Naprawa drzwi suwanych szaf wn\u0119kowych Warszawa.<\/p>\n<p>&nbsp;<\/p>\n<dl id=\"attachment_48\" class=\"wp-caption\" style=\"width: 838px;\">\n<dt class=\"wp-caption-dt\">\n<dl id=\"attachment_48\" class=\"wp-caption aligncenter\" style=\"width: 310px;\">\n<dt class=\"wp-caption-dt\"><a href=\"http:\/\/naprawiacz.com.pl\/wp-content\/uploads\/2015\/05\/3.jpg\"><img loading=\"lazy\" decoding=\"async\" class=\"wp-image-48 size-medium\" src=\"http:\/\/naprawiacz.com.pl\/wp-content\/uploads\/2015\/05\/3-300x169.jpg\" alt=\"uszkodzone drzwi szafy przesuwnej\" width=\"300\" height=\"169\" srcset=\"https:\/\/naprawiacz.com.pl\/wp-content\/uploads\/2015\/05\/3-300x169.jpg 300w, https:\/\/naprawiacz.com.pl\/wp-content\/uploads\/2015\/05\/3.jpg 1024w, https:\/\/naprawiacz.com.pl\/wp-content\/uploads\/2015\/05\/3-150x84.jpg 150w\" sizes=\"auto, (max-width: 300px) 100vw, 300px\" \/><\/a><\/dt>\n<dd class=\"wp-caption-dd\">Naprawa drzwi przesuwnych Stanley<\/dd>\n<\/dl>\n<\/dt>\n<dd class=\"wp-caption-dd\"><\/dd>\n<dd class=\"wp-caption-dd\">Rys.3 \u00a0W\u00f3zek z rys. 2 znajduje si\u0119 w takich drzwiach przesuwnych. Szeroko\u015b\u0107 profila ok.\u00a0 5 cm.<\/dd>\n<\/dl>\n<p>&nbsp;<\/p>\n<p><a href=\"http:\/\/naprawiacz.com.pl\/wp-content\/uploads\/2015\/05\/4.jpg\"><img loading=\"lazy\" decoding=\"async\" class=\"wp-image-50 aligncenter\" src=\"http:\/\/naprawiacz.com.pl\/wp-content\/uploads\/2015\/05\/4-169x300.jpg\" alt=\"Naprawa szafy przesuwnej \" width=\"246\" height=\"437\" srcset=\"https:\/\/naprawiacz.com.pl\/wp-content\/uploads\/2015\/05\/4-169x300.jpg 169w, https:\/\/naprawiacz.com.pl\/wp-content\/uploads\/2015\/05\/4.jpg 576w, https:\/\/naprawiacz.com.pl\/wp-content\/uploads\/2015\/05\/4-84x150.jpg 84w\" sizes=\"auto, (max-width: 246px) 100vw, 246px\" \/><\/a><\/p>\n<p style=\"text-align: center;\">Rys.4. Drzwi przesuwne widok z boku. Naprawa szafy przesuwnej suwanej Warszawa.<\/p>\n<p>&nbsp;<\/p>\n<p><a href=\"http:\/\/naprawiacz.com.pl\/wp-content\/uploads\/2015\/05\/5.jpg\"><img loading=\"lazy\" decoding=\"async\" class=\"size-medium wp-image-54 aligncenter\" src=\"http:\/\/naprawiacz.com.pl\/wp-content\/uploads\/2015\/05\/5-169x300.jpg\" alt=\"naprawa szafy\" width=\"169\" height=\"300\" srcset=\"https:\/\/naprawiacz.com.pl\/wp-content\/uploads\/2015\/05\/5-169x300.jpg 169w, https:\/\/naprawiacz.com.pl\/wp-content\/uploads\/2015\/05\/5.jpg 576w, https:\/\/naprawiacz.com.pl\/wp-content\/uploads\/2015\/05\/5-84x150.jpg 84w\" sizes=\"auto, (max-width: 169px) 100vw, 169px\" \/><\/a><\/p>\n<p style=\"text-align: center;\">\u00a0rys. 5. Szeroko\u015b\u0107 profilu w kt\u00f3rym znajduje si\u0119 w\u00f3zek, naprawa szaf przesuwnych suwanych wn\u0119kowych.<\/p>\n<p><a href=\"http:\/\/naprawiacz.com.pl\/wp-content\/uploads\/2015\/05\/6.jpg\"><img loading=\"lazy\" decoding=\"async\" class=\"aligncenter size-medium wp-image-59\" src=\"http:\/\/naprawiacz.com.pl\/wp-content\/uploads\/2015\/05\/6-300x225.jpg\" alt=\"Naprawa drzwi przesuwnych\" width=\"300\" height=\"225\" srcset=\"https:\/\/naprawiacz.com.pl\/wp-content\/uploads\/2015\/05\/6-300x225.jpg 300w, https:\/\/naprawiacz.com.pl\/wp-content\/uploads\/2015\/05\/6.jpg 1024w, https:\/\/naprawiacz.com.pl\/wp-content\/uploads\/2015\/05\/6-150x113.jpg 150w\" sizes=\"auto, (max-width: 300px) 100vw, 300px\" \/><\/a><\/p>\n<p>&nbsp;<\/p>\n<p style=\"text-align: center;\">\u00a0Rys. 6. Pogl\u0105dowo drzwi przesuwne w szafie \u2013 widok od ty\u0142u \u2013 w\u00f3zek.<\/p>\n<p style=\"text-align: center;\"><a href=\"http:\/\/naprawiacz.com.pl\/wp-content\/uploads\/2015\/05\/71.jpg\"><img loading=\"lazy\" decoding=\"async\" class=\"aligncenter size-medium wp-image-60\" src=\"http:\/\/naprawiacz.com.pl\/wp-content\/uploads\/2015\/05\/71-300x200.jpg\" alt=\"Naprawa szafy Stanley\" width=\"300\" height=\"200\" srcset=\"https:\/\/naprawiacz.com.pl\/wp-content\/uploads\/2015\/05\/71-300x200.jpg 300w, https:\/\/naprawiacz.com.pl\/wp-content\/uploads\/2015\/05\/71.jpg 1024w, https:\/\/naprawiacz.com.pl\/wp-content\/uploads\/2015\/05\/71-150x100.jpg 150w, https:\/\/naprawiacz.com.pl\/wp-content\/uploads\/2015\/05\/71-244x163.jpg 244w\" sizes=\"auto, (max-width: 300px) 100vw, 300px\" \/><\/a><\/p>\n<p style=\"text-align: center;\">Rys. 7. Naprawa szaf przesuwnych pogl\u0105dowo w\u00f3zki w systemach przesuwnych po wyj\u0119ciu Stanley.<\/p>\n<p style=\"text-align: center;\">\u00a0<a href=\"http:\/\/naprawiacz.com.pl\/wp-content\/uploads\/2015\/05\/81.jpg\"><img loading=\"lazy\" decoding=\"async\" class=\"aligncenter size-medium wp-image-62\" src=\"http:\/\/naprawiacz.com.pl\/wp-content\/uploads\/2015\/05\/81-300x200.jpg\" alt=\"W\u00f3zek stanley\" width=\"300\" height=\"200\" srcset=\"https:\/\/naprawiacz.com.pl\/wp-content\/uploads\/2015\/05\/81-300x200.jpg 300w, https:\/\/naprawiacz.com.pl\/wp-content\/uploads\/2015\/05\/81.jpg 1024w, https:\/\/naprawiacz.com.pl\/wp-content\/uploads\/2015\/05\/81-150x100.jpg 150w, https:\/\/naprawiacz.com.pl\/wp-content\/uploads\/2015\/05\/81-244x163.jpg 244w\" sizes=\"auto, (max-width: 300px) 100vw, 300px\" \/><\/a><\/p>\n<p style=\"text-align: center;\">Rys. 8. W\u00f3zek typu Stanley w drzwiach przesuwnych. W\u00f3zek z systemu\u00a0 przesuwnego Stanley by\u0142 stosowany w drzwiach przesuwnych z p\u0142yt\u0105 jak i lustrem.<\/p>\n<p style=\"text-align: center;\"><a href=\"http:\/\/naprawiacz.com.pl\/wp-content\/uploads\/2015\/05\/91.jpg\"><img loading=\"lazy\" decoding=\"async\" class=\"aligncenter size-medium wp-image-64\" src=\"http:\/\/naprawiacz.com.pl\/wp-content\/uploads\/2015\/05\/91-300x200.jpg\" alt=\"Naprawa szafy Stanley\" width=\"300\" height=\"200\" srcset=\"https:\/\/naprawiacz.com.pl\/wp-content\/uploads\/2015\/05\/91-300x200.jpg 300w, https:\/\/naprawiacz.com.pl\/wp-content\/uploads\/2015\/05\/91.jpg 1024w, https:\/\/naprawiacz.com.pl\/wp-content\/uploads\/2015\/05\/91-150x100.jpg 150w, https:\/\/naprawiacz.com.pl\/wp-content\/uploads\/2015\/05\/91-244x163.jpg 244w\" sizes=\"auto, (max-width: 300px) 100vw, 300px\" \/><\/a><\/p>\n<p style=\"text-align: center;\">Rys. 9. Wymiana w\u00f3zk\u00f3w w drzwiach przesuwnych. W\u00f3zek stalowy pogl\u0105dowo \u2013 ocynkowany. Naprawy szaf przesuwnych sk\u0142adanych rozsuwanych.<\/p>\n<p><a href=\"http:\/\/naprawiacz.com.pl\/wp-content\/uploads\/2015\/05\/10.jpg\"><img loading=\"lazy\" decoding=\"async\" class=\"aligncenter size-medium wp-image-65\" src=\"http:\/\/naprawiacz.com.pl\/wp-content\/uploads\/2015\/05\/10-300x200.jpg\" alt=\"W\u00f3zki z szfy typu Stanley\" width=\"300\" height=\"200\" srcset=\"https:\/\/naprawiacz.com.pl\/wp-content\/uploads\/2015\/05\/10-300x200.jpg 300w, https:\/\/naprawiacz.com.pl\/wp-content\/uploads\/2015\/05\/10.jpg 1024w, https:\/\/naprawiacz.com.pl\/wp-content\/uploads\/2015\/05\/10-150x100.jpg 150w, https:\/\/naprawiacz.com.pl\/wp-content\/uploads\/2015\/05\/10-244x163.jpg 244w\" sizes=\"auto, (max-width: 300px) 100vw, 300px\" \/><\/a><\/p>\n<p style=\"text-align: center;\">Rys. 10. Naprawa szaf przesuwnych suwanych sk\u0142adanych. W\u00f3zek szafy pogl\u0105dowo.<\/p>\n<p style=\"text-align: center;\">\u00a0<a href=\"http:\/\/naprawiacz.com.pl\/wp-content\/uploads\/2015\/05\/11.jpg\"><img loading=\"lazy\" decoding=\"async\" class=\"aligncenter size-medium wp-image-67\" src=\"http:\/\/naprawiacz.com.pl\/wp-content\/uploads\/2015\/05\/11-193x300.jpg\" alt=\"Naprawa Szafy skladanej przesuwnej Komandor\" width=\"193\" height=\"300\" srcset=\"https:\/\/naprawiacz.com.pl\/wp-content\/uploads\/2015\/05\/11-193x300.jpg 193w, https:\/\/naprawiacz.com.pl\/wp-content\/uploads\/2015\/05\/11.jpg 659w, https:\/\/naprawiacz.com.pl\/wp-content\/uploads\/2015\/05\/11-97x150.jpg 97w\" sizes=\"auto, (max-width: 193px) 100vw, 193px\" \/><\/a><\/p>\n<p style=\"text-align: center;\">Rys. 11. W\u00f3zek stalowy widok od frontu. Naprawy drzwi w szafie przesuwnej.<\/p>\n<p><a href=\"http:\/\/naprawiacz.com.pl\/wp-content\/uploads\/2015\/05\/12.jpg\"><img loading=\"lazy\" decoding=\"async\" class=\"aligncenter size-medium wp-image-68\" src=\"http:\/\/naprawiacz.com.pl\/wp-content\/uploads\/2015\/05\/12-300x200.jpg\" alt=\"12\" width=\"300\" height=\"200\" srcset=\"https:\/\/naprawiacz.com.pl\/wp-content\/uploads\/2015\/05\/12-300x200.jpg 300w, https:\/\/naprawiacz.com.pl\/wp-content\/uploads\/2015\/05\/12.jpg 1024w, https:\/\/naprawiacz.com.pl\/wp-content\/uploads\/2015\/05\/12-150x100.jpg 150w, https:\/\/naprawiacz.com.pl\/wp-content\/uploads\/2015\/05\/12-244x163.jpg 244w\" sizes=\"auto, (max-width: 300px) 100vw, 300px\" \/><\/a><\/p>\n<p style=\"text-align: center;\">Rys. 12 w\u00f3zek stalowy w drzwiach przesuwnych. Naprawa drzwi przesuwnych sk\u0142adanych suwanych. Naprawiacz Warszawa.<\/p>\n<p style=\"text-align: center;\"><a href=\"http:\/\/naprawiacz.com.pl\/wp-content\/uploads\/2015\/05\/13.jpg\"><img loading=\"lazy\" decoding=\"async\" class=\"aligncenter size-medium wp-image-69\" src=\"http:\/\/naprawiacz.com.pl\/wp-content\/uploads\/2015\/05\/13-300x285.jpg\" alt=\"13\" width=\"300\" height=\"285\" srcset=\"https:\/\/naprawiacz.com.pl\/wp-content\/uploads\/2015\/05\/13-300x285.jpg 300w, https:\/\/naprawiacz.com.pl\/wp-content\/uploads\/2015\/05\/13.jpg 1024w, https:\/\/naprawiacz.com.pl\/wp-content\/uploads\/2015\/05\/13-150x143.jpg 150w\" sizes=\"auto, (max-width: 300px) 100vw, 300px\" \/><\/a>Rys. 13.\u00a0\u00a0 W\u00f3zek stalowy cz\u0119\u015b\u0107 g\u0142\u00f3wna systemu \u2013pogl\u0105dowo. Naprawy szaf meblowych i front\u00f3w.<\/p>\n<p><a href=\"http:\/\/naprawiacz.com.pl\/wp-content\/uploads\/2015\/05\/14.jpg\"><img loading=\"lazy\" decoding=\"async\" class=\"aligncenter size-medium wp-image-71\" src=\"http:\/\/naprawiacz.com.pl\/wp-content\/uploads\/2015\/05\/14-300x229.jpg\" alt=\"14\" width=\"300\" height=\"229\" srcset=\"https:\/\/naprawiacz.com.pl\/wp-content\/uploads\/2015\/05\/14-300x229.jpg 300w, https:\/\/naprawiacz.com.pl\/wp-content\/uploads\/2015\/05\/14.jpg 1024w, https:\/\/naprawiacz.com.pl\/wp-content\/uploads\/2015\/05\/14-150x114.jpg 150w\" sizes=\"auto, (max-width: 300px) 100vw, 300px\" \/><\/a><\/p>\n<p style=\"text-align: center;\">Rys. 14 . Naprawa szaf przesuwnych suwanych Sewroll, Laguna, Senator, Stanley i inne. Naprawy stolarskie mebli kuchennych. Naprawa zawias\u00f3w w drzwiach frontach.<\/p>\n<p style=\"text-align: center;\"><a href=\"http:\/\/naprawiacz.com.pl\/wp-content\/uploads\/2015\/05\/15.jpg\"><img loading=\"lazy\" decoding=\"async\" class=\"aligncenter size-medium wp-image-73\" src=\"http:\/\/naprawiacz.com.pl\/wp-content\/uploads\/2015\/05\/15-300x178.jpg\" alt=\"15\" width=\"300\" height=\"178\" srcset=\"https:\/\/naprawiacz.com.pl\/wp-content\/uploads\/2015\/05\/15-300x178.jpg 300w, https:\/\/naprawiacz.com.pl\/wp-content\/uploads\/2015\/05\/15.jpg 1024w, https:\/\/naprawiacz.com.pl\/wp-content\/uploads\/2015\/05\/15-150x89.jpg 150w\" sizes=\"auto, (max-width: 300px) 100vw, 300px\" \/><\/a>Rys. 15. Pogl\u0105dowa rolka z drzwi szafy przesuwnej. Naprawa szafy przesuwnej, naprawa szafek kuchennych i front\u00f3w.<\/p>\n<p><a href=\"http:\/\/naprawiacz.com.pl\/wp-content\/uploads\/2015\/05\/16.jpg\"><img loading=\"lazy\" decoding=\"async\" class=\"aligncenter size-medium wp-image-74\" src=\"http:\/\/naprawiacz.com.pl\/wp-content\/uploads\/2015\/05\/16-300x200.jpg\" alt=\"16\" width=\"300\" height=\"200\" srcset=\"https:\/\/naprawiacz.com.pl\/wp-content\/uploads\/2015\/05\/16-300x200.jpg 300w, https:\/\/naprawiacz.com.pl\/wp-content\/uploads\/2015\/05\/16.jpg 1024w, https:\/\/naprawiacz.com.pl\/wp-content\/uploads\/2015\/05\/16-150x100.jpg 150w, https:\/\/naprawiacz.com.pl\/wp-content\/uploads\/2015\/05\/16-244x163.jpg 244w\" sizes=\"auto, (max-width: 300px) 100vw, 300px\" \/><\/a><\/p>\n<p style=\"text-align: center;\">Rys. 16. Naprawa szafy przesuwnej suwanej naprawy wykonujemy w ca\u0142ej Warszawie.<\/p>\n<p>&nbsp;<\/p>\n<p>W tej cz\u0119\u015bci pomini\u0119te zosta\u0142y kwestie toru \u2013 czyli metalowej szyny po kt\u00f3rej poruszaj\u0105 si\u0119 drzwi.<\/p>\n<p>Naprawiacz r\u00f3wnie\u017c i w wy\u017cej ukazanych przypadkach jest w stan dokona\u0107 naprawy Pa\u0144stwa szafy. Drzwi przesuwne po naszych naprawach przesuwaj\u0105 si\u0119 jednym palcem. Udzielamy r\u00f3wnie\u017c 12 miesi\u0119cznej gwarancji na wymienione elementy.<\/p>\n<p>A koszty \u2013 s\u0105 du\u017co mniejsze od wykonania nowej szafy czy nowych drzwi.<\/p>\n<p>Wyb\u00f3r nale\u017cy do Pa\u0144stwa.<\/p>\n<p>Us\u0142ug\u0119 mo\u017cna zamawia\u0107 telefonicznie 0606 461 133 lub 0 888 907 038<\/p>\n<p>B\u0105d\u017a mailowo <a href=\"mailto:kontakt@naprawiacz.waw.pl\">kontakt@naprawiacz.waw.pl<\/a><\/p>\n<p>Us\u0142uga \u015bwiadczona jest w ca\u0142ej Warszawie.<\/p>\n<p>Wystawiamy faktur\u0119 vat.<\/p>\n\n\t\t<style type=\"text\/css\">\n\t\t\t#gallery-1 {\n\t\t\t\tmargin: auto;\n\t\t\t}\n\t\t\t#gallery-1 .gallery-item {\n\t\t\t\tfloat: left;\n\t\t\t\tmargin-top: 10px;\n\t\t\t\ttext-align: center;\n\t\t\t\twidth: 33%;\n\t\t\t}\n\t\t\t#gallery-1 img {\n\t\t\t\tborder: 2px solid #cfcfcf;\n\t\t\t}\n\t\t\t#gallery-1 .gallery-caption {\n\t\t\t\tmargin-left: 0;\n\t\t\t}\n\t\t\t\/* see gallery_shortcode() in wp-includes\/media.php *\/\n\t\t<\/style>\n\t\t<div id='gallery-1' class='gallery galleryid-23 gallery-columns-3 gallery-size-thumbnail'><dl class='gallery-item'>\n\t\t\t<dt class='gallery-icon landscape'>\n\t\t\t\t<a href='https:\/\/naprawiacz.com.pl\/?attachment_id=526'><img loading=\"lazy\" decoding=\"async\" width=\"150\" height=\"150\" src=\"https:\/\/naprawiacz.com.pl\/wp-content\/uploads\/2015\/05\/DSC02594-150x150.jpg\" class=\"attachment-thumbnail size-thumbnail\" alt=\"\" aria-describedby=\"gallery-1-526\" \/><\/a>\n\t\t\t<\/dt>\n\t\t\t\t<dd class='wp-caption-text gallery-caption' id='gallery-1-526'>\n\t\t\t\tw\u00f3zki Hettich\n\t\t\t\t<\/dd><\/dl><dl class='gallery-item'>\n\t\t\t<dt class='gallery-icon landscape'>\n\t\t\t\t<a href='https:\/\/naprawiacz.com.pl\/?attachment_id=527'><img loading=\"lazy\" decoding=\"async\" width=\"150\" height=\"150\" src=\"https:\/\/naprawiacz.com.pl\/wp-content\/uploads\/2015\/05\/DSC02595-150x150.jpg\" class=\"attachment-thumbnail size-thumbnail\" alt=\"\" aria-describedby=\"gallery-1-527\" \/><\/a>\n\t\t\t<\/dt>\n\t\t\t\t<dd class='wp-caption-text gallery-caption' id='gallery-1-527'>\n\t\t\t\tuszkodzony w\u00f3zek\n\t\t\t\t<\/dd><\/dl><dl class='gallery-item'>\n\t\t\t<dt class='gallery-icon landscape'>\n\t\t\t\t<a href='https:\/\/naprawiacz.com.pl\/?attachment_id=528'><img loading=\"lazy\" decoding=\"async\" width=\"150\" height=\"150\" src=\"https:\/\/naprawiacz.com.pl\/wp-content\/uploads\/2015\/05\/DSC02598-150x150.jpg\" class=\"attachment-thumbnail size-thumbnail\" alt=\"\" aria-describedby=\"gallery-1-528\" \/><\/a>\n\t\t\t<\/dt>\n\t\t\t\t<dd class='wp-caption-text gallery-caption' id='gallery-1-528'>\n\t\t\t\tw\u00f3zek Laguna\n\t\t\t\t<\/dd><\/dl><br style=\"clear: both\" \/><dl class='gallery-item'>\n\t\t\t<dt class='gallery-icon landscape'>\n\t\t\t\t<a href='https:\/\/naprawiacz.com.pl\/?attachment_id=529'><img loading=\"lazy\" decoding=\"async\" width=\"150\" height=\"150\" src=\"https:\/\/naprawiacz.com.pl\/wp-content\/uploads\/2015\/05\/DSC02599-150x150.jpg\" class=\"attachment-thumbnail size-thumbnail\" alt=\"\" aria-describedby=\"gallery-1-529\" \/><\/a>\n\t\t\t<\/dt>\n\t\t\t\t<dd class='wp-caption-text gallery-caption' id='gallery-1-529'>\n\t\t\t\tw\u00f3zek Stanley\n\t\t\t\t<\/dd><\/dl><dl class='gallery-item'>\n\t\t\t<dt class='gallery-icon landscape'>\n\t\t\t\t<a href='https:\/\/naprawiacz.com.pl\/?attachment_id=530'><img loading=\"lazy\" decoding=\"async\" width=\"150\" height=\"150\" src=\"https:\/\/naprawiacz.com.pl\/wp-content\/uploads\/2015\/05\/DSC02603-150x150.jpg\" class=\"attachment-thumbnail size-thumbnail\" alt=\"\" aria-describedby=\"gallery-1-530\" \/><\/a>\n\t\t\t<\/dt>\n\t\t\t\t<dd class='wp-caption-text gallery-caption' id='gallery-1-530'>\n\t\t\t\t\u015blizgacz plastikowy\n\t\t\t\t<\/dd><\/dl><dl class='gallery-item'>\n\t\t\t<dt class='gallery-icon landscape'>\n\t\t\t\t<a href='https:\/\/naprawiacz.com.pl\/?attachment_id=531'><img loading=\"lazy\" decoding=\"async\" width=\"150\" height=\"150\" src=\"https:\/\/naprawiacz.com.pl\/wp-content\/uploads\/2015\/05\/DSC02634-150x150.jpg\" class=\"attachment-thumbnail size-thumbnail\" alt=\"\" aria-describedby=\"gallery-1-531\" \/><\/a>\n\t\t\t<\/dt>\n\t\t\t\t<dd class='wp-caption-text gallery-caption' id='gallery-1-531'>\n\t\t\t\tw\u00f3zek Senator\n\t\t\t\t<\/dd><\/dl><br style=\"clear: both\" \/>\n\t\t<\/div>\n\n","protected":false},"excerpt":{"rendered":"<p>Naprawa szaf przesuwnych suwanych wn\u0119kowych. Systemy do kt\u00f3rych nie ma cz\u0119\u015bci zamiennych, Konieczna wymiana toru dolnego i w\u00f3zk\u00f3w dolnych. \u00a0\u00a0\u00a0\u00a0\u00a0\u00a0\u00a0\u00a0\u00a0 W przypadku stwierdzenia podobnych w\u00f3zk\u00f3w w Pa\u0144stwa systemach przesuwnych nie&hellip; <\/p>\n","protected":false},"author":2,"featured_media":0,"parent":14,"menu_order":2,"comment_status":"closed","ping_status":"closed","template":"","meta":{"footnotes":""},"class_list":["post-23","page","type-page","status-publish","hentry"],"aioseo_notices":[],"_links":{"self":[{"href":"https:\/\/naprawiacz.com.pl\/index.php?rest_route=\/wp\/v2\/pages\/23","targetHints":{"allow":["GET"]}}],"collection":[{"href":"https:\/\/naprawiacz.com.pl\/index.php?rest_route=\/wp\/v2\/pages"}],"about":[{"href":"https:\/\/naprawiacz.com.pl\/index.php?rest_route=\/wp\/v2\/types\/page"}],"author":[{"embeddable":true,"href":"https:\/\/naprawiacz.com.pl\/index.php?rest_route=\/wp\/v2\/users\/2"}],"replies":[{"embeddable":true,"href":"https:\/\/naprawiacz.com.pl\/index.php?rest_route=%2Fwp%2Fv2%2Fcomments&post=23"}],"version-history":[{"count":28,"href":"https:\/\/naprawiacz.com.pl\/index.php?rest_route=\/wp\/v2\/pages\/23\/revisions"}],"predecessor-version":[{"id":532,"href":"https:\/\/naprawiacz.com.pl\/index.php?rest_route=\/wp\/v2\/pages\/23\/revisions\/532"}],"up":[{"embeddable":true,"href":"https:\/\/naprawiacz.com.pl\/index.php?rest_route=\/wp\/v2\/pages\/14"}],"wp:attachment":[{"href":"https:\/\/naprawiacz.com.pl\/index.php?rest_route=%2Fwp%2Fv2%2Fmedia&parent=23"}],"curies":[{"name":"wp","href":"https:\/\/api.w.org\/{rel}","templated":true}]}}