{"id":2,"date":"2015-04-22T08:19:12","date_gmt":"2015-04-22T08:19:12","guid":{"rendered":"http:\/\/naprawiacz.com.pl\/?page_id=2"},"modified":"2022-03-27T13:02:10","modified_gmt":"2022-03-27T13:02:10","slug":"zakres-uslug","status":"publish","type":"page","link":"https:\/\/naprawiacz.com.pl\/","title":{"rendered":"Zakres us\u0142ug"},"content":{"rendered":"<p><a href=\"http:\/\/naprawiacz.com.pl\/zakres-uslug\/attachment\/karty\/\" rel=\"attachment wp-att-697\"><img loading=\"lazy\" decoding=\"async\" class=\"aligncenter size-medium wp-image-697\" src=\"http:\/\/naprawiacz.com.pl\/wp-content\/uploads\/2018\/04\/karty-300x47.jpg\" alt=\"\" width=\"300\" height=\"47\" srcset=\"https:\/\/naprawiacz.com.pl\/wp-content\/uploads\/2018\/04\/karty-300x47.jpg 300w, https:\/\/naprawiacz.com.pl\/wp-content\/uploads\/2018\/04\/karty.jpg 568w\" sizes=\"auto, (max-width: 300px) 100vw, 300px\" \/><\/a><\/p>\n<p style=\"text-align: justify;\"><span style=\"vertical-align: inherit;\"><span style=\"vertical-align: inherit;\">Naprawiacz\u00a0 &#8211; dzia\u0142amy w zakresie szybkich napraw domowych. Naprawiamy usterki w Twoim mieszkaniu czy biurze z zakresu napraw elektrycznych hydraulicznych \u015blusarskich stolarskich. Naprawiamy szafy drzwi szafki kuchenne bia\u0142y monta\u017c. Usuwamy awarie, usterki \u00a0wykonujemy przer\u00f3bki i remonty w\u00a0 Pa\u0144stwa domach czy mieszkaniach. Naprawiacz jak sama nazwa wskazuje zajmuje si\u0119 naprawami, remontami, monta\u017cami. Naprawiamy wszystko to co mo\u017cna i da si\u0119 naprawi\u0107. Kwestia tylko czasu i \u015brodk\u00f3w zaanga\u017cowanych.<\/span><\/span><\/p>\n<p><strong><span style=\"vertical-align: inherit;\"><span style=\"vertical-align: inherit;\">Zakres naszych us\u0142ug<\/span><\/span><br \/>\n<\/strong><\/p>\n<p style=\"text-align: left;\"><span style=\"color: #d2262a;\"><strong><span style=\"vertical-align: inherit;\"><span style=\"vertical-align: inherit;\">1. Us\u0142ugi hydrauliczne:<\/span><\/span><\/strong><\/span><\/p>\n<ul>\n<li style=\"list-style-type: none;\">\n<ul>\n<li style=\"text-align: left;\"><span style=\"vertical-align: inherit;\"><span style=\"vertical-align: inherit;\">Pod\u0142\u0105czenie zmywarki \u2013 pralki, stemplujemy karty gwarancyjne.<\/span><\/span><\/li>\n<li style=\"text-align: left;\"><span style=\"vertical-align: inherit;\"><span style=\"vertical-align: inherit;\">Wymiana naprawa monta\u017c kranu baterii prysznica bidetki.<\/span><\/span><\/li>\n<li><span style=\"vertical-align: inherit;\"><span style=\"vertical-align: inherit;\">Udro\u017cnienie przepchanie kanalizacji umywalki zlewozmywaka wanny.<\/span><\/span><\/li>\n<li><span style=\"vertical-align: inherit;\"><span style=\"vertical-align: inherit;\">Wymiana naprawa uszczelnienie syfonu, odp\u0142ywu kanalizacji.<\/span><\/span><\/li>\n<li><span style=\"vertical-align: inherit;\"><span style=\"vertical-align: inherit;\">Naprawa wc toalety sp\u0142uczki<\/span><\/span><\/li>\n<li><span style=\"vertical-align: inherit;\"><span style=\"vertical-align: inherit;\">Instalacje hydrauliczne nowe, rozbudowa, przesuni\u0119cie: PEX, zgrzewane PCV, skr\u0119cane PEX, stalowe.<\/span><\/span><\/li>\n<li><span style=\"vertical-align: inherit;\"><span style=\"vertical-align: inherit;\">Monta\u017c \u2013 wymiana naprawa : brodzika, kabiny prysznicowej, wanny, toalety WC, stela\u017cy WC, suchej zabudowy toalety wc podwieszanej.<\/span><\/span><\/li>\n<li><span style=\"vertical-align: inherit;\"><span style=\"vertical-align: inherit;\">Monta\u017c \u2013 wymiana: zlewozmywaka, umywalki, wycinanie otwor\u00f3w w blacie.<\/span><\/span><\/li>\n<li><span style=\"vertical-align: inherit;\"><span style=\"vertical-align: inherit;\">Udra\u017cnianie kanalizacji i odp\u0142yw\u00f3w: zlewozmywak, wanna, brodzik, pralka, WC.<\/span><\/span><\/li>\n<li><span style=\"vertical-align: inherit;\"><span style=\"vertical-align: inherit;\">Uszczelnianie: kanalizacji, brodzik\u00f3w, wanien, umywalek, WC i podwieszanych WC.<\/span><\/span><\/li>\n<li><span style=\"vertical-align: inherit;\"><span style=\"vertical-align: inherit;\">Naprawa sp\u0142uczek podtynkowych:<\/span><\/span><strong><span style=\"vertical-align: inherit;\"><span style=\"vertical-align: inherit;\"> Schwab, Ventus, Ko\u0142o, Grohe, Geberit,<\/span><\/span><\/strong><span style=\"vertical-align: inherit;\"><span style=\"vertical-align: inherit;\"> TECE,\u00a0 wynalazki marketowe.<\/span><\/span><\/li>\n<li><span style=\"vertical-align: inherit;\"><span style=\"vertical-align: inherit;\">Wymiana deski klozetowej.<\/span><\/span><\/li>\n<li><span style=\"vertical-align: inherit;\"><span style=\"vertical-align: inherit;\">Naprawa kabiny prysznicowej wymiana rolek drzwi, uszczelnienie kabiny brodzika i wanny.<\/span><\/span><\/li>\n<li><span style=\"vertical-align: inherit;\"><span style=\"vertical-align: inherit;\">Przesuni\u0119cie monta\u017c wymiana grzejnika co, punktu wody i kanalizacji<\/span><\/span><\/li>\n<li><span style=\"vertical-align: inherit;\"><span style=\"vertical-align: inherit;\">Instalacja wymiana podgrzewaczy wody.<\/span><\/span><\/li>\n<li><span style=\"vertical-align: inherit;\"><span style=\"vertical-align: inherit;\">Naprawy bie\u017c\u0105ce i konserwacje hydrauliczne.<\/span><\/span><\/li>\n<li><span style=\"vertical-align: inherit;\"><span style=\"vertical-align: inherit;\">Odpowietrzenie grzejnika.<\/span><\/span><\/li>\n<\/ul>\n<\/li>\n<\/ul>\n<ul>\n<li style=\"list-style-type: none;\"><\/li>\n<\/ul>\n<ul>\n<li style=\"list-style-type: none;\"><\/li>\n<\/ul>\n<ul>\n<li style=\"list-style-type: none;\"><\/li>\n<\/ul>\n<ul>\n<li style=\"list-style-type: none;\"><\/li>\n<\/ul>\n<ul>\n<li style=\"list-style-type: none;\"><\/li>\n<\/ul>\n<ul>\n<li style=\"list-style-type: none;\"><\/li>\n<\/ul>\n<ul>\n<li style=\"list-style-type: none;\"><\/li>\n<\/ul>\n<ul>\n<li style=\"list-style-type: none;\"><\/li>\n<\/ul>\n<ul>\n<li style=\"list-style-type: none;\"><\/li>\n<\/ul>\n<ul>\n<li style=\"list-style-type: none;\"><\/li>\n<\/ul>\n<ul>\n<li style=\"list-style-type: none;\"><\/li>\n<\/ul>\n<ul>\n<li style=\"list-style-type: none;\"><\/li>\n<\/ul>\n<p style=\"text-align: left;\"><span style=\"color: #d2262a;\"><strong><span style=\"vertical-align: inherit;\"><span style=\"vertical-align: inherit;\">2.\u00a0Us\u0142ugi elektryczne:<\/span><\/span><\/strong><\/span><\/p>\n<ul>\n<li style=\"list-style-type: none;\">\n<ul>\n<li style=\"text-align: left;\"><span style=\"vertical-align: inherit;\"><span style=\"vertical-align: inherit;\">Naprawa bie\u017c\u0105ca instalacji elektrycznej do <\/span><\/span><strong><span style=\"vertical-align: inherit;\"><span style=\"vertical-align: inherit;\">1 kv<\/span><\/span><\/strong><span style=\"vertical-align: inherit;\"><span style=\"vertical-align: inherit;\"> \u2013 posiadamy uprawnienia SEP &#8211; awarie<\/span><\/span><\/li>\n<\/ul>\n<\/li>\n<\/ul>\n<ul>\n<li style=\"list-style-type: none;\">\n<ul>\n<li style=\"text-align: left;\"><span style=\"vertical-align: inherit;\"><span style=\"vertical-align: inherit;\">Rozbudowa istniej\u0105cej instalacji elektrycznej. Dodatkowe gniazdo prze\u0142\u0105cznik \u017cyrandol lampa<\/span><\/span><\/li>\n<\/ul>\n<\/li>\n<\/ul>\n<ul>\n<li style=\"list-style-type: none;\">\n<ul>\n<li style=\"text-align: left;\"><span style=\"vertical-align: inherit;\"><span style=\"vertical-align: inherit;\">Naprawa elektryczna\u2013 wymiana gniazda prze\u0142\u0105cznika po\u0142\u0105czenia \u00a0elektrycznego esa r\u00f3znic\u00f3wki.<\/span><\/span><\/li>\n<\/ul>\n<\/li>\n<\/ul>\n<ul>\n<li style=\"list-style-type: none;\">\n<ul>\n<li style=\"text-align: left;\"><span style=\"vertical-align: inherit;\"><span style=\"vertical-align: inherit;\">Monta\u017c \u2013 naprawa lamp, \u017cyrandoli, kinkiet\u00f3w opraw elektrycznych po\u0142\u0105cze\u0144 elektrycznych.<\/span><\/span><\/li>\n<\/ul>\n<\/li>\n<\/ul>\n<ul>\n<li style=\"list-style-type: none;\">\n<ul>\n<li style=\"text-align: left;\"><span style=\"vertical-align: inherit;\"><span style=\"vertical-align: inherit;\">Monta\u017c wymiana pod\u0142\u0105czenie p\u0142yty indukcyjnej &#8211; piekarnika elektrycznego\u2013 stempluje karty gwarancyjne.<\/span><\/span><\/li>\n<\/ul>\n<\/li>\n<\/ul>\n<ul>\n<li style=\"text-align: left;\"><span style=\"vertical-align: inherit;\"><span style=\"vertical-align: inherit;\">Wymiana instalacji elektrycznych z aluminiowych na miedziane.<\/span><\/span><\/li>\n<li><span style=\"vertical-align: inherit;\"><span style=\"vertical-align: inherit;\">Wymiana pod\u0142\u0105czenie wentylatora w \u0142azience.<\/span><\/span><\/li>\n<li><span style=\"vertical-align: inherit;\"><span style=\"vertical-align: inherit;\">Monta\u017c wymiana okapu kuchennego.<\/span><\/span><\/li>\n<li><span style=\"vertical-align: inherit;\"><span style=\"vertical-align: inherit;\">Awarie elektryczne i bie\u017c\u0105ca obs\u0142uga &#8211; konserwacja.<\/span><\/span><\/li>\n<\/ul>\n<p><span style=\"color: #d2262a;\"><strong><span style=\"vertical-align: inherit;\"><span style=\"vertical-align: inherit;\">3. Us\u0142ugi \u015blusarskie:<\/span><\/span><\/strong><\/span><\/p>\n<ul>\n<li><span style=\"vertical-align: inherit;\"><span style=\"vertical-align: inherit;\">Naprawa regulacja monta\u017c drzwi zewn\u0119trznych i wewn\u0119trznych.<\/span><\/span><\/li>\n<li><span style=\"vertical-align: inherit;\"><span style=\"vertical-align: inherit;\">Naprawa regulacja monta\u017c drzwi aluminiowych wej\u015bciowych witryn do sklep\u00f3w.<\/span><\/span><\/li>\n<li><span style=\"vertical-align: inherit;\"><span style=\"vertical-align: inherit;\">Naprawa regulacja zawias\u00f3w w drzwiach antyw\u0142amaniowych rygli drzwi <\/span><\/span><strong><span style=\"vertical-align: inherit;\"><span style=\"vertical-align: inherit;\">Gerda, Witex, Dierre, La Porta,<\/span><\/span><\/strong><\/li>\n<li><span style=\"vertical-align: inherit;\"><span style=\"vertical-align: inherit;\">Naprawa wymiana zawias\u00f3w w drzwiach zewn\u0119trznych i wewn\u0119trznych<\/span><\/span><strong><span style=\"vertical-align: inherit;\"><span style=\"vertical-align: inherit;\"> Gerda, Porta, Dierre,<\/span><\/span><\/strong><\/li>\n<li><span style=\"vertical-align: inherit;\"><span style=\"vertical-align: inherit;\">Naprawa wymiana wk\u0142adki zamka, kasety. Naprawa zamka centralnego w drzwiach antyw\u0142amaniowych<\/span><\/span><strong><span style=\"vertical-align: inherit;\"><span style=\"vertical-align: inherit;\"> Gerda, Yale, Dierre, La Porta, Witex, Delta.<\/span><\/span><\/strong><\/li>\n<li><span style=\"vertical-align: inherit;\"><span style=\"vertical-align: inherit;\">Naprawa wymiana monta\u017c klamki szyldu w drzwiach wewn\u0119trznych i zewn\u0119trznych.<\/span><\/span><\/li>\n<li><span style=\"vertical-align: inherit;\"><span style=\"vertical-align: inherit;\">Wymiana zamka w skrzynce na listy &#8211; pocztowej.<\/span><\/span><\/li>\n<li><span style=\"vertical-align: inherit;\"><span style=\"vertical-align: inherit;\">Monta\u017c wymiana regulacja samozamykacza.<\/span><\/span><\/li>\n<li><span style=\"vertical-align: inherit;\"><span style=\"vertical-align: inherit;\">Spawanie elektryczne.<\/span><\/span><\/li>\n<li><span style=\"vertical-align: inherit;\"><span style=\"vertical-align: inherit;\">Inne prace zlecone.<\/span><\/span><\/li>\n<\/ul>\n<p><span style=\"color: #d2262a;\"><strong><span style=\"vertical-align: inherit;\"><span style=\"vertical-align: inherit;\">\u00a04. \u00a0Us\u0142ugi stolarskie:<\/span><\/span><\/strong><\/span><\/p>\n<ul>\n<li><span style=\"vertical-align: inherit;\"><span style=\"vertical-align: inherit;\">Naprawa mebli: \u0142\u00f3\u017cka, sofy, \u0142awy, krzes\u0142a, komody.<\/span><\/span><\/li>\n<li><span style=\"vertical-align: inherit;\"><span style=\"vertical-align: inherit;\">Naprawa mebli i szafek kuchennych.<\/span><\/span><\/li>\n<li><span style=\"vertical-align: inherit;\"><span style=\"vertical-align: inherit;\">Naprawa frontu szafki kuchennej.<\/span><\/span><\/li>\n<li><span style=\"vertical-align: inherit;\"><span style=\"vertical-align: inherit;\">Regulacja front\u00f3w i zawias\u00f3w w szafce kuchennej.<\/span><\/span><\/li>\n<li><span style=\"vertical-align: inherit;\"><span style=\"vertical-align: inherit;\">Naprawa wymiana monta\u017c zawiasu, teleskopu, mechanizmu opuszczania.<\/span><\/span><\/li>\n<li><span style=\"vertical-align: inherit;\"><span style=\"vertical-align: inherit;\">Wymiana i dopasowanie blat\u00f3w kuchennych.<\/span><\/span><\/li>\n<li><span style=\"vertical-align: inherit;\"><span style=\"vertical-align: inherit;\">Wycinanie otwor\u00f3w w blacie kuchennym pod zlewozmywak, p\u0142yt\u0119 elektryczn\u0105, bateri\u0119 czy dozownik p\u0142ynu.<\/span><\/span><\/li>\n<li><span style=\"vertical-align: inherit;\"><span style=\"vertical-align: inherit;\">Przer\u00f3bki stolarskie p\u00f3\u0142ek i szafek kuchennych.<\/span><\/span><\/li>\n<li><span style=\"vertical-align: inherit;\"><span style=\"vertical-align: inherit;\">Naprawa szaf przesuwnych:<\/span><\/span><strong><span style=\"vertical-align: inherit;\"><span style=\"vertical-align: inherit;\"> Sewroll, Laguna, Stanley, Senator, Komandor, EQ, Hettich<\/span><\/span><\/strong><span style=\"vertical-align: inherit;\"><span style=\"vertical-align: inherit;\">.<\/span><\/span><\/li>\n<li><span style=\"vertical-align: inherit;\"><span style=\"vertical-align: inherit;\">Naprawa szaf sk\u0142adanych:\u00a0 <\/span><\/span><strong><span style=\"vertical-align: inherit;\"><span style=\"vertical-align: inherit;\">Sewroll, Laguna, Stanley, Senator, Komandor, EQ, Hettich.<\/span><\/span><\/strong><\/li>\n<li><span style=\"vertical-align: inherit;\"><span style=\"vertical-align: inherit;\">Monta\u017c wymiana naprawa szafek kuchennych.<\/span><\/span><\/li>\n<li><span style=\"vertical-align: inherit;\"><span style=\"vertical-align: inherit;\">Dostosowanie szafek kuchennych do zmywarki pralki.<\/span><\/span><\/li>\n<\/ul>\n<p><span style=\"color: #d2262a;\"><strong><span style=\"vertical-align: inherit;\"><span style=\"vertical-align: inherit;\">5. Remonty mieszka\u0144 i dom\u00f3w:<\/span><\/span><\/strong><\/span><\/p>\n<ul>\n<li><span style=\"vertical-align: inherit;\"><span style=\"vertical-align: inherit;\">Malowanie mieszka\u0144 i dom\u00f3w.<\/span><\/span><\/li>\n<li><span style=\"vertical-align: inherit;\"><span style=\"vertical-align: inherit;\">Remont \u0142azienki glazura i terakota.<\/span><\/span><\/li>\n<li><span style=\"vertical-align: inherit;\"><span style=\"vertical-align: inherit;\">Monta\u017c wymiana stolarki drzwiowej.<\/span><\/span><\/li>\n<li><span style=\"vertical-align: inherit;\"><span style=\"vertical-align: inherit;\">Uk\u0142adanie paneli pod\u0142ogowych.<\/span><\/span><\/li>\n<li><span style=\"vertical-align: inherit;\"><span style=\"vertical-align: inherit;\">Naprawa okien i drzwi PCV.<\/span><\/span><\/li>\n<li><span style=\"vertical-align: inherit;\"><span style=\"vertical-align: inherit;\">G\u0142adzie i szpachlowania.<\/span><\/span><\/li>\n<\/ul>\n<h1 style=\"text-align: center;\"><span style=\"color: #d2262a;\"><span style=\"vertical-align: inherit;\"><span style=\"vertical-align: inherit;\">Zapraszamy do skorzystania z naszych us\u0142ug.<\/span><\/span><\/span><\/h1>\n","protected":false},"excerpt":{"rendered":"<p>Naprawiacz\u00a0 &#8211; dzia\u0142amy w zakresie szybkich napraw domowych. Naprawiamy usterki w Twoim mieszkaniu czy biurze z zakresu napraw elektrycznych hydraulicznych \u015blusarskich stolarskich. Naprawiamy szafy drzwi szafki kuchenne bia\u0142y monta\u017c. Usuwamy&hellip; <\/p>\n","protected":false},"author":2,"featured_media":0,"parent":0,"menu_order":1,"comment_status":"closed","ping_status":"closed","template":"","meta":{"footnotes":""},"class_list":["post-2","page","type-page","status-publish","hentry"],"aioseo_notices":[],"_links":{"self":[{"href":"https:\/\/naprawiacz.com.pl\/index.php?rest_route=\/wp\/v2\/pages\/2","targetHints":{"allow":["GET"]}}],"collection":[{"href":"https:\/\/naprawiacz.com.pl\/index.php?rest_route=\/wp\/v2\/pages"}],"about":[{"href":"https:\/\/naprawiacz.com.pl\/index.php?rest_route=\/wp\/v2\/types\/page"}],"author":[{"embeddable":true,"href":"https:\/\/naprawiacz.com.pl\/index.php?rest_route=\/wp\/v2\/users\/2"}],"replies":[{"embeddable":true,"href":"https:\/\/naprawiacz.com.pl\/index.php?rest_route=%2Fwp%2Fv2%2Fcomments&post=2"}],"version-history":[{"count":45,"href":"https:\/\/naprawiacz.com.pl\/index.php?rest_route=\/wp\/v2\/pages\/2\/revisions"}],"predecessor-version":[{"id":884,"href":"https:\/\/naprawiacz.com.pl\/index.php?rest_route=\/wp\/v2\/pages\/2\/revisions\/884"}],"wp:attachment":[{"href":"https:\/\/naprawiacz.com.pl\/index.php?rest_route=%2Fwp%2Fv2%2Fmedia&parent=2"}],"curies":[{"name":"wp","href":"https:\/\/api.w.org\/{rel}","templated":true}]}}