{"id":125,"date":"2015-05-08T19:27:21","date_gmt":"2015-05-08T19:27:21","guid":{"rendered":"http:\/\/naprawiacz.com.pl\/?page_id=125"},"modified":"2015-06-10T18:49:42","modified_gmt":"2015-06-10T18:49:42","slug":"stolarskie","status":"publish","type":"page","link":"https:\/\/naprawiacz.com.pl\/?page_id=125","title":{"rendered":"Monta\u017c wymiana zlewozmywaka"},"content":{"rendered":"<p>Wymiana zlewozmywaka kuchennego, wyci\u0119cie otworu pod zlewozmywak, wyci\u0119cie otworu w zlewie pod baterie.<\/p>\n<p>&nbsp;<\/p>\n<div id=\"attachment_504\" style=\"width: 310px\" class=\"wp-caption aligncenter\"><a href=\"http:\/\/naprawiacz.com.pl\/wp-content\/uploads\/2015\/05\/DSC02580.jpg\"><img loading=\"lazy\" decoding=\"async\" aria-describedby=\"caption-attachment-504\" class=\"wp-image-504 size-medium\" title=\"Wymiana zlewomywaka\" src=\"http:\/\/naprawiacz.com.pl\/wp-content\/uploads\/2015\/05\/DSC02580-300x200.jpg\" alt=\"zlew kuchenny\" width=\"300\" height=\"200\" srcset=\"https:\/\/naprawiacz.com.pl\/wp-content\/uploads\/2015\/05\/DSC02580-300x200.jpg 300w, https:\/\/naprawiacz.com.pl\/wp-content\/uploads\/2015\/05\/DSC02580-1024x682.jpg 1024w, https:\/\/naprawiacz.com.pl\/wp-content\/uploads\/2015\/05\/DSC02580.jpg 1200w\" sizes=\"auto, (max-width: 300px) 100vw, 300px\" \/><\/a><p id=\"caption-attachment-504\" class=\"wp-caption-text\">monta\u017c zlewozmywaka<\/p><\/div>\n<p>Najcz\u0119stszym powodem wymiany zlewozmywaka kuchennego jest jego zu\u017cycie lub wymieniamy zlew przy okazji wymiany blat\u00f3w kuchennych w naszej kuchni. Przy wymianie zlewozmywaka kuchennego zazwyczaj wymieniamy r\u00f3wnie\u017c i baterie kuchenn\u0105.<\/p>\n<p>Wymiana, monta\u017c zlewozmywaka w blacie kuchennym to stosunkowo prosta czynno\u015b\u0107 dla os\u00f3b kt\u00f3re posiad\u0142y troch\u0119 do\u015bwiadczenia w zakresie obs\u0142ugi maszyn i urz\u0105dze\u0144. Zlewozmywak zazwyczaj jest wpuszczany w blat kuchenny. Aby zainstalowa\u0107 nasz zlew w naszej kuchni musimy najpierw wyci\u0105\u0107 otw\u00f3r w blacie kuchennym.<\/p>\n<div id=\"attachment_508\" style=\"width: 310px\" class=\"wp-caption aligncenter\"><a href=\"http:\/\/naprawiacz.com.pl\/wp-content\/uploads\/2015\/05\/DSC02582.jpg\"><img loading=\"lazy\" decoding=\"async\" aria-describedby=\"caption-attachment-508\" class=\"size-medium wp-image-508\" src=\"http:\/\/naprawiacz.com.pl\/wp-content\/uploads\/2015\/05\/DSC02582-300x200.jpg\" alt=\"monta\u017c zlewozmywaka\" width=\"300\" height=\"200\" srcset=\"https:\/\/naprawiacz.com.pl\/wp-content\/uploads\/2015\/05\/DSC02582-300x200.jpg 300w, https:\/\/naprawiacz.com.pl\/wp-content\/uploads\/2015\/05\/DSC02582-1024x682.jpg 1024w, https:\/\/naprawiacz.com.pl\/wp-content\/uploads\/2015\/05\/DSC02582.jpg 1200w\" sizes=\"auto, (max-width: 300px) 100vw, 300px\" \/><\/a><p id=\"caption-attachment-508\" class=\"wp-caption-text\">wyci\u0119cie otworu pod zlewozmywak<\/p><\/div>\n<p>Nasze prace zaczynamy od zaznaczenia miejsca po\u0142o\u017cenia naszego zlewozmywaka w blacie kuchennym, po zaznaczeniu przyst\u0119pujemy do wycieci\u0119cia otworu w blacie kuchennym tak aby wyci\u0119ty otw\u00f3r pozwala\u0142 na swobodne obsadzenie naszego zlewozmywaka.<\/p>\n<div id=\"attachment_510\" style=\"width: 310px\" class=\"wp-caption aligncenter\"><a href=\"http:\/\/naprawiacz.com.pl\/wp-content\/uploads\/2015\/05\/DSC02583.jpg\"><img loading=\"lazy\" decoding=\"async\" aria-describedby=\"caption-attachment-510\" class=\"size-medium wp-image-510\" src=\"http:\/\/naprawiacz.com.pl\/wp-content\/uploads\/2015\/05\/DSC02583-300x200.jpg\" alt=\"monta\u017c zlewozmywaka\" width=\"300\" height=\"200\" srcset=\"https:\/\/naprawiacz.com.pl\/wp-content\/uploads\/2015\/05\/DSC02583-300x200.jpg 300w, https:\/\/naprawiacz.com.pl\/wp-content\/uploads\/2015\/05\/DSC02583-1024x682.jpg 1024w, https:\/\/naprawiacz.com.pl\/wp-content\/uploads\/2015\/05\/DSC02583.jpg 1200w\" sizes=\"auto, (max-width: 300px) 100vw, 300px\" \/><\/a><p id=\"caption-attachment-510\" class=\"wp-caption-text\">Wycinanie otworu blat kuchenny<\/p><\/div>\n<div id=\"attachment_511\" style=\"width: 310px\" class=\"wp-caption aligncenter\"><a href=\"http:\/\/naprawiacz.com.pl\/wp-content\/uploads\/2015\/05\/DSC02585.jpg\"><img loading=\"lazy\" decoding=\"async\" aria-describedby=\"caption-attachment-511\" class=\"size-medium wp-image-511\" src=\"http:\/\/naprawiacz.com.pl\/wp-content\/uploads\/2015\/05\/DSC02585-300x200.jpg\" alt=\"wycinanie otwor\u00f3w w blatach \" width=\"300\" height=\"200\" srcset=\"https:\/\/naprawiacz.com.pl\/wp-content\/uploads\/2015\/05\/DSC02585-300x200.jpg 300w, https:\/\/naprawiacz.com.pl\/wp-content\/uploads\/2015\/05\/DSC02585-1024x682.jpg 1024w, https:\/\/naprawiacz.com.pl\/wp-content\/uploads\/2015\/05\/DSC02585.jpg 1200w\" sizes=\"auto, (max-width: 300px) 100vw, 300px\" \/><\/a><p id=\"caption-attachment-511\" class=\"wp-caption-text\">wyci\u0119cie otworu pod zlewozmywak<\/p><\/div>\n<p>Jak otw\u00f3r wyci\u0119ty w blacie kuchennym to mo\u017cemy przyst\u0105pi\u0107 do monta\u017cu zlewozmywaka. Obsadzamy zlewozmywak na specjalne zapinki dostarczone przez producenta, montujemy syfon, montujemy kran lub baterie kuchenn\u0105 i prawie gotowe.<\/p>\n<div id=\"attachment_513\" style=\"width: 210px\" class=\"wp-caption aligncenter\"><a href=\"http:\/\/naprawiacz.com.pl\/wp-content\/uploads\/2015\/05\/DSC02586.jpg\"><img loading=\"lazy\" decoding=\"async\" aria-describedby=\"caption-attachment-513\" class=\"size-medium wp-image-513\" src=\"http:\/\/naprawiacz.com.pl\/wp-content\/uploads\/2015\/05\/DSC02586-200x300.jpg\" alt=\"wymiana zlewozmywaka\" width=\"200\" height=\"300\" srcset=\"https:\/\/naprawiacz.com.pl\/wp-content\/uploads\/2015\/05\/DSC02586-200x300.jpg 200w, https:\/\/naprawiacz.com.pl\/wp-content\/uploads\/2015\/05\/DSC02586-682x1024.jpg 682w, https:\/\/naprawiacz.com.pl\/wp-content\/uploads\/2015\/05\/DSC02586.jpg 799w\" sizes=\"auto, (max-width: 200px) 100vw, 200px\" \/><\/a><p id=\"caption-attachment-513\" class=\"wp-caption-text\">monta\u017c zlewu<\/p><\/div>\n<p>Nast\u0119pnie po skr\u0119ceniu wszystkiego sprawdzamy szczelno\u015b\u0107 monta\u017cu, syfonu, baterii &#8211; odp\u0142ywu.<\/p>\n<div id=\"attachment_515\" style=\"width: 310px\" class=\"wp-caption aligncenter\"><a href=\"http:\/\/naprawiacz.com.pl\/wp-content\/uploads\/2015\/05\/DSC02590.jpg\"><img loading=\"lazy\" decoding=\"async\" aria-describedby=\"caption-attachment-515\" class=\"size-medium wp-image-515\" src=\"http:\/\/naprawiacz.com.pl\/wp-content\/uploads\/2015\/05\/DSC02590-300x200.jpg\" alt=\"wymiana zlwozmywaka\" width=\"300\" height=\"200\" srcset=\"https:\/\/naprawiacz.com.pl\/wp-content\/uploads\/2015\/05\/DSC02590-300x200.jpg 300w, https:\/\/naprawiacz.com.pl\/wp-content\/uploads\/2015\/05\/DSC02590-1024x682.jpg 1024w, https:\/\/naprawiacz.com.pl\/wp-content\/uploads\/2015\/05\/DSC02590.jpg 1200w\" sizes=\"auto, (max-width: 300px) 100vw, 300px\" \/><\/a><p id=\"caption-attachment-515\" class=\"wp-caption-text\">zamontowany zlewozmywak<\/p><\/div>\n<p>Prawid\u0142owo zamontowany zlew kuchenny, gwarantuje d\u0142ug\u0105 eksploatacje i zadowolenia z u\u017cytkowania. \u00a0Mog\u0119 powiedzie\u0107 z do\u015bwiadczenia \u017ce mo\u017cna \u017ale zamontowa\u0107 zlew kuchenny, wielokrotnie Naprawiacz poprawia\u0142 po fachowcach \u017ale wykonan\u0105 us\u0142ug\u0119. Albo zlew przecieka\u0142, albo nieodpowiednio zosta\u0142y wyci\u0119te otwory w blacie kuchennym.<\/p>\n<p>Naprawiacz na wykonan\u0105 us\u0142ug\u0119 wymiany zlewu kuchennego udziela rocznej gwarancji. Us\u0142ug\u0119 mo\u017cna zam\u00f3wi\u0107 telefonicznie lub mailowo. Je\u017adzimy po ca\u0142ej Warszawie. Wystawiamy faktury vat.<\/p>\n\n\t\t<style type=\"text\/css\">\n\t\t\t#gallery-1 {\n\t\t\t\tmargin: auto;\n\t\t\t}\n\t\t\t#gallery-1 .gallery-item {\n\t\t\t\tfloat: left;\n\t\t\t\tmargin-top: 10px;\n\t\t\t\ttext-align: center;\n\t\t\t\twidth: 33%;\n\t\t\t}\n\t\t\t#gallery-1 img {\n\t\t\t\tborder: 2px solid #cfcfcf;\n\t\t\t}\n\t\t\t#gallery-1 .gallery-caption {\n\t\t\t\tmargin-left: 0;\n\t\t\t}\n\t\t\t\/* see gallery_shortcode() in wp-includes\/media.php *\/\n\t\t<\/style>\n\t\t<div id='gallery-1' class='gallery galleryid-125 gallery-columns-3 gallery-size-thumbnail'><dl class='gallery-item'>\n\t\t\t<dt class='gallery-icon portrait'>\n\t\t\t\t<a href='https:\/\/naprawiacz.com.pl\/?attachment_id=524'><img loading=\"lazy\" decoding=\"async\" width=\"150\" height=\"150\" src=\"https:\/\/naprawiacz.com.pl\/wp-content\/uploads\/2015\/05\/IMG_20150520_091419-150x150.jpg\" class=\"attachment-thumbnail size-thumbnail\" alt=\"wymiana zlewozywaka\" aria-describedby=\"gallery-1-524\" \/><\/a>\n\t\t\t<\/dt>\n\t\t\t\t<dd class='wp-caption-text gallery-caption' id='gallery-1-524'>\n\t\t\t\tmonta\u017c baterii\n\t\t\t\t<\/dd><\/dl><dl class='gallery-item'>\n\t\t\t<dt class='gallery-icon portrait'>\n\t\t\t\t<a href='https:\/\/naprawiacz.com.pl\/?attachment_id=522'><img loading=\"lazy\" decoding=\"async\" width=\"150\" height=\"150\" src=\"https:\/\/naprawiacz.com.pl\/wp-content\/uploads\/2015\/05\/DSC02589-150x150.jpg\" class=\"attachment-thumbnail size-thumbnail\" alt=\"wymiana zlewu\" aria-describedby=\"gallery-1-522\" \/><\/a>\n\t\t\t<\/dt>\n\t\t\t\t<dd class='wp-caption-text gallery-caption' id='gallery-1-522'>\n\t\t\t\tmonta\u017c zapinek zlewu\n\t\t\t\t<\/dd><\/dl><dl class='gallery-item'>\n\t\t\t<dt class='gallery-icon portrait'>\n\t\t\t\t<a href='https:\/\/naprawiacz.com.pl\/?attachment_id=521'><img loading=\"lazy\" decoding=\"async\" width=\"150\" height=\"150\" src=\"https:\/\/naprawiacz.com.pl\/wp-content\/uploads\/2015\/05\/DSC02588-150x150.jpg\" class=\"attachment-thumbnail size-thumbnail\" alt=\"us\u0142ugi stolarskie\" aria-describedby=\"gallery-1-521\" \/><\/a>\n\t\t\t<\/dt>\n\t\t\t\t<dd class='wp-caption-text gallery-caption' id='gallery-1-521'>\n\t\t\t\tzlew kuchenny wymiana\n\t\t\t\t<\/dd><\/dl><br style=\"clear: both\" \/><dl class='gallery-item'>\n\t\t\t<dt class='gallery-icon landscape'>\n\t\t\t\t<a href='https:\/\/naprawiacz.com.pl\/?attachment_id=520'><img loading=\"lazy\" decoding=\"async\" width=\"150\" height=\"150\" src=\"https:\/\/naprawiacz.com.pl\/wp-content\/uploads\/2015\/05\/DSC02587-150x150.jpg\" class=\"attachment-thumbnail size-thumbnail\" alt=\"zlew w blacie kuchennym\" aria-describedby=\"gallery-1-520\" \/><\/a>\n\t\t\t<\/dt>\n\t\t\t\t<dd class='wp-caption-text gallery-caption' id='gallery-1-520'>\n\t\t\t\tmonta\u017c zlewozmywaka\n\t\t\t\t<\/dd><\/dl><dl class='gallery-item'>\n\t\t\t<dt class='gallery-icon landscape'>\n\t\t\t\t<a href='https:\/\/naprawiacz.com.pl\/?attachment_id=519'><img loading=\"lazy\" decoding=\"async\" width=\"150\" height=\"150\" src=\"https:\/\/naprawiacz.com.pl\/wp-content\/uploads\/2015\/05\/DSC02584-150x150.jpg\" class=\"attachment-thumbnail size-thumbnail\" alt=\"monta\u017c zlewu\" aria-describedby=\"gallery-1-519\" \/><\/a>\n\t\t\t<\/dt>\n\t\t\t\t<dd class='wp-caption-text gallery-caption' id='gallery-1-519'>\n\t\t\t\twycinanie otwor\u00f3w \n\t\t\t\t<\/dd><\/dl><dl class='gallery-item'>\n\t\t\t<dt class='gallery-icon landscape'>\n\t\t\t\t<a href='https:\/\/naprawiacz.com.pl\/?attachment_id=523'><img loading=\"lazy\" decoding=\"async\" width=\"150\" height=\"150\" src=\"https:\/\/naprawiacz.com.pl\/wp-content\/uploads\/2015\/05\/DSC02593-150x150.jpg\" class=\"attachment-thumbnail size-thumbnail\" alt=\"wymiana zlewozmywaka\" aria-describedby=\"gallery-1-523\" \/><\/a>\n\t\t\t<\/dt>\n\t\t\t\t<dd class='wp-caption-text gallery-caption' id='gallery-1-523'>\n\t\t\t\tzamontowany zlew kuchenny\n\t\t\t\t<\/dd><\/dl><br style=\"clear: both\" \/>\n\t\t<\/div>\n\n","protected":false},"excerpt":{"rendered":"<p>Wymiana zlewozmywaka kuchennego, wyci\u0119cie otworu pod zlewozmywak, wyci\u0119cie otworu w zlewie pod baterie. &nbsp; Najcz\u0119stszym powodem wymiany zlewozmywaka kuchennego jest jego zu\u017cycie lub wymieniamy zlew przy okazji wymiany blat\u00f3w kuchennych&hellip; <\/p>\n","protected":false},"author":2,"featured_media":0,"parent":14,"menu_order":0,"comment_status":"closed","ping_status":"closed","template":"","meta":{"footnotes":""},"class_list":["post-125","page","type-page","status-publish","hentry"],"aioseo_notices":[],"_links":{"self":[{"href":"https:\/\/naprawiacz.com.pl\/index.php?rest_route=\/wp\/v2\/pages\/125","targetHints":{"allow":["GET"]}}],"collection":[{"href":"https:\/\/naprawiacz.com.pl\/index.php?rest_route=\/wp\/v2\/pages"}],"about":[{"href":"https:\/\/naprawiacz.com.pl\/index.php?rest_route=\/wp\/v2\/types\/page"}],"author":[{"embeddable":true,"href":"https:\/\/naprawiacz.com.pl\/index.php?rest_route=\/wp\/v2\/users\/2"}],"replies":[{"embeddable":true,"href":"https:\/\/naprawiacz.com.pl\/index.php?rest_route=%2Fwp%2Fv2%2Fcomments&post=125"}],"version-history":[{"count":12,"href":"https:\/\/naprawiacz.com.pl\/index.php?rest_route=\/wp\/v2\/pages\/125\/revisions"}],"predecessor-version":[{"id":525,"href":"https:\/\/naprawiacz.com.pl\/index.php?rest_route=\/wp\/v2\/pages\/125\/revisions\/525"}],"up":[{"embeddable":true,"href":"https:\/\/naprawiacz.com.pl\/index.php?rest_route=\/wp\/v2\/pages\/14"}],"wp:attachment":[{"href":"https:\/\/naprawiacz.com.pl\/index.php?rest_route=%2Fwp%2Fv2%2Fmedia&parent=125"}],"curies":[{"name":"wp","href":"https:\/\/api.w.org\/{rel}","templated":true}]}}